


{"id":22746,"date":"2022-07-27T18:01:00","date_gmt":"2022-07-27T18:01:00","guid":{"rendered":"https:\/\/isobarscience.com\/send-samples\/"},"modified":"2024-03-20T01:25:01","modified_gmt":"2024-03-20T01:25:01","slug":"send-samples","status":"publish","type":"page","link":"https:\/\/isobarscience.com\/pt-br\/send-samples\/","title":{"rendered":"Send Samples"},"content":{"rendered":"<section  class='av_textblock_section av-kbr0kcn5-3a252cc62af481b4112bddc0a49b3a6c '   itemscope=\"itemscope\" itemtype=\"https:\/\/schema.org\/CreativeWork\" ><div class='avia_textblock'  itemprop=\"text\" ><h1 style=\"text-align: center;\"><strong>Orienta\u00e7\u00f5es de envio de amostras para o Isobar Science<\/strong><\/h1>\n<p><a title=\"contact us\" href=\"https:\/\/isobarscience.com\/pt-br\/contato-portugues\/\">Entre em contato<\/a> para receber uma cota\u00e7\u00e3o formal. Respondemos a consultas prontamente durante hor\u00e1rio comercial (segunda a sexta entre 8:00 e 17:00 no hor\u00e1rio US EST).<\/p>\n<p>Os pre\u00e7os s\u00e3o disponibilizados em EUR, GBP, KRW, RMB e USD. Aceitamos pagamentos por cart\u00e3o de cr\u00e9dito, ACH e transfer\u00eancia banc\u00e1ria.<br \/>\n<iframe loading=\"lazy\" class=\"aligncenter embed-responsive-item\" src=\"https:\/\/www.youtube.com\/embed\/iD_25Ro3RqA\" width=\"803\" height=\"452\" frameborder=\"0\" allowfullscreen=\"allowfullscreen\"><\/iframe><\/p>\n<p align=\"center\">Dura\u00e7\u00e3o: 1 minuto e 23 segundos<\/p>\n<p align=\"center\">Aviso legal: este v\u00eddeo est\u00e1 hospedado em um site de terceiros e poder\u00e1 conter publicidade.<\/p>\n<h2><strong>Como enviar amostras<\/strong><\/h2>\n<h3 style=\"color: black; font-weight: bold;\"><span class=\"numb\">1<\/span> Prepare as amostras<\/h3>\n<p class=\"step\">Por favor, leia as nossas recomenda\u00e7\u00f5es de manuseio, embalagem e peso de amostras antes de prepar\u00e1-las para as seguintes an\u00e1lises isot\u00f3picas:<\/p>\n<table>\n<tbody>\n<tr>\n<td align=\"center\"><a title=\"Boron\" href=\"https:\/\/isobarscience.com\/boron\/sample-types\/\">Boro<\/a><\/td>\n<td align=\"center\"><a title=\"Lead\" href=\"https:\/\/isobarscience.com\/lead-isotopes\/sample-types\/\">Chumbo<\/a><\/td>\n<td align=\"center\"><a title=\"Strontium\" href=\"https:\/\/isobarscience.com\/strontium\/sample-types\/\">Estr\u00f4ncio<\/a><\/td>\n<td align=\"center\"><a title=\"U-Th Dating\" href=\"https:\/\/isobarscience.com\/u-th\/sample-types\/\">Data\u00e7\u00e3o por U-Th<\/a><\/td>\n<\/tr>\n<\/tbody>\n<\/table>\n<p>Observa\u00e7\u00e3o: as recomenda\u00e7\u00f5es de peso de amostra n\u00e3o s\u00e3o uma exig\u00eancia, mas sim uma refer\u00eancia. Contate-nos para discutir quantidades m\u00ednimas.<\/p>\n<p><img loading=\"lazy\" decoding=\"async\" class=\"aligncenter size-large wp-image-4170\" src=\"https:\/\/isobarscience.com\/wp-content\/uploads\/2021\/02\/how-pack-sample-1030x533.png\" alt=\"\" width=\"1030\" height=\"533\" srcset=\"https:\/\/isobarscience.com\/wp-content\/uploads\/2021\/02\/how-pack-sample-1030x533.png 1030w, https:\/\/isobarscience.com\/wp-content\/uploads\/2021\/02\/how-pack-sample-300x155.png 300w, https:\/\/isobarscience.com\/wp-content\/uploads\/2021\/02\/how-pack-sample-768x397.png 768w, https:\/\/isobarscience.com\/wp-content\/uploads\/2021\/02\/how-pack-sample-1536x794.png 1536w, https:\/\/isobarscience.com\/wp-content\/uploads\/2021\/02\/how-pack-sample-2048x1059.png 2048w, https:\/\/isobarscience.com\/wp-content\/uploads\/2021\/02\/how-pack-sample-1500x776.png 1500w, https:\/\/isobarscience.com\/wp-content\/uploads\/2021\/02\/how-pack-sample-705x365.png 705w\" sizes=\"auto, (max-width: 1030px) 100vw, 1030px\" \/><\/p>\n<h3 style=\"color: black; font-weight: bold;\"><span class=\"numb\">2<\/span> Envie o formul\u00e1rio de dados<\/h3>\n<p class=\"step\">Por favor, cadastre-se na <a href=\"https:\/\/isobarscience.com\/wp-login.php?redirect_to=https%3A%2F%2Fisobarscience.com%2Fcustomer-area%2F\">\u00c1rea do cliente<\/a> para enviar o formul\u00e1rio de dados de amostras.<\/p>\n<h3 style=\"color: black; font-weight: bold;\"><span class=\"numb\">3<\/span> Embale e envie as amostras para o endere\u00e7o recomendado<\/h3>\n<p><a href=\"https:\/\/isobarscience.com\/pt-br\/contato-portugues\/\"><strong>Entre em contato<\/strong><\/a><span style=\"color: #000000;\"><strong> para obter instru\u00e7\u00f5es espec\u00edficas \u00e0 sua regi\u00e3o antes de enviar amostras<\/strong>.<\/span><\/p>\n<p>Para <span style=\"color: #000000;\"><strong>amostras s\u00f3lidas<\/strong><\/span> use uma pequena caixa de papel\u00e3o resistente. Evite usar envelopes para que as amostras n\u00e3o sejam esmagadas durante o transporte.<\/p>\n<p>Use uma caixa tamb\u00e9m para<span style=\"color: #000000;\"><strong> amostras de \u00e1gua<\/strong><\/span>. Coloque cada garrafa dentro de um saco pl\u00e1stico com fecho zip ou adesivo. Observa\u00e7\u00e3o: o volume m\u00e1ximo requerido \u00e9 125 ml.<\/p>\n<p style=\"color: red;\">Contrate um servi\u00e7o de transporte rastre\u00e1vel e envie o c\u00f3digo de rastreamento para <a href=\"mailto:info@isobarscience.com\">info@isobarscience.com<\/a>.<\/p>\n<p><strong>Lembrete:<\/strong> o prazo de entrega citado come\u00e7a a contar a partir do dia seguinte do recebimento das amostras no laborat\u00f3rio em Miami, excluindo-se finais de semana.<\/p>\n<h4 style=\"color: black; font-weight: bold;\">Pol\u00edtica de armazenamento de excesso de amostras no Isobar Science<\/h4>\n<p>O Isobar descarta o excesso de material de amostra ap\u00f3s dois meses. Se voc\u00ea deseja a devolu\u00e7\u00e3o de excessos de amostras originais n\u00e3o-utilizadas ou pr\u00e9-tratadas, por favor forne\u00e7a uma etiqueta paga de devolu\u00e7\u00e3o ou realize o pagamento antecipado do custo de envio via FedEx.<\/p>\n<\/div><\/section>\n","protected":false},"excerpt":{"rendered":"","protected":false},"author":2,"featured_media":0,"parent":0,"menu_order":0,"comment_status":"closed","ping_status":"closed","template":"","meta":{"footnotes":""},"class_list":["post-22746","page","type-page","status-publish","hentry"],"_links":{"self":[{"href":"https:\/\/isobarscience.com\/pt-br\/wp-json\/wp\/v2\/pages\/22746","targetHints":{"allow":["GET"]}}],"collection":[{"href":"https:\/\/isobarscience.com\/pt-br\/wp-json\/wp\/v2\/pages"}],"about":[{"href":"https:\/\/isobarscience.com\/pt-br\/wp-json\/wp\/v2\/types\/page"}],"author":[{"embeddable":true,"href":"https:\/\/isobarscience.com\/pt-br\/wp-json\/wp\/v2\/users\/2"}],"replies":[{"embeddable":true,"href":"https:\/\/isobarscience.com\/pt-br\/wp-json\/wp\/v2\/comments?post=22746"}],"version-history":[{"count":2,"href":"https:\/\/isobarscience.com\/pt-br\/wp-json\/wp\/v2\/pages\/22746\/revisions"}],"predecessor-version":[{"id":31330,"href":"https:\/\/isobarscience.com\/pt-br\/wp-json\/wp\/v2\/pages\/22746\/revisions\/31330"}],"wp:attachment":[{"href":"https:\/\/isobarscience.com\/pt-br\/wp-json\/wp\/v2\/media?parent=22746"}],"curies":[{"name":"wp","href":"https:\/\/api.w.org\/{rel}","templated":true}]}}