


{"id":23120,"date":"2020-02-19T14:36:39","date_gmt":"2020-02-19T14:36:39","guid":{"rendered":"https:\/\/isobarscience.com\/lead-isotopes\/application\/"},"modified":"2023-04-14T16:48:09","modified_gmt":"2023-04-14T16:48:09","slug":"application","status":"publish","type":"page","link":"https:\/\/isobarscience.com\/it\/lead-isotopes\/application\/","title":{"rendered":"Application"},"content":{"rendered":"\n<style type=\"text\/css\" data-created_by=\"avia_inline_auto\" id=\"style-css-av-769vj7-598ec4cb394887adae753d829b32f331\">\n.flex_column.av-769vj7-598ec4cb394887adae753d829b32f331{\nborder-radius:0px 0px 0px 0px;\npadding:0px 0px 0px 0px;\n}\n<\/style>\n<div  class='flex_column av-769vj7-598ec4cb394887adae753d829b32f331 av_one_full  avia-builder-el-0  el_before_av_hr  avia-builder-el-first  first flex_column_div av-zero-column-padding  '     ><section  class='av_textblock_section av-ktd3d7mq-1c9c4061bffde9e8d4158cfa6d234652 '   itemscope=\"itemscope\" itemtype=\"https:\/\/schema.org\/CreativeWork\" ><div class='avia_textblock'  itemprop=\"text\" ><h1 style=\"text-align: center;\">Panoramica sulla geochimica del piombo (Pb)<\/h1>\n<p><span style=\"font-weight: 400;\">Sono noti 43 isotopi del piombo (Pb), incluse alcune specie sintetiche molto instabili, ma solo cinque sono usati comunemente nel campo della geochimica (figura 1). Il piombo ha quattro isotopi relativamente stabili: <sup>204<\/sup>Pb<\/span><span style=\"font-weight: 400;\">, <sup>206<\/sup>Pb<\/span><span style=\"font-weight: 400;\">, <sup>207<\/sup>Pb<\/span><span style=\"font-weight: 400;\">\u00a0e <sup>208<\/sup>Pb<\/span><span style=\"font-weight: 400;\">. Gli ultimi tre rappresentano le estremit\u00e0 di una catena di decadimento: <sup>206<\/sup>Pb<\/span><span style=\"font-weight: 400;\">\u00a0\u00e8 alla fine della catena di decadimento dell&#8217;uranio, il <sup>207<\/sup>Pb<\/span><span style=\"font-weight: 400;\">\u00a0di quella dell&#8217;attinio e il <sup>208<\/sup>Pb<\/span><span style=\"font-weight: 400;\">\u00a0di quella del torio. Il <sup>210<\/sup>Pb<\/span><span style=\"font-weight: 400;\"> \u00e8 un isotopo naturale a vita breve con un tempo di dimezzamento di 22,6 anni, caratteristica che permette di utilizzarlo per la datazione di sedimenti recenti e depositi di torba.<\/span><\/p>\n<div id=\"attachment_8095\" style=\"width: 512px\" class=\"wp-caption aligncenter\"><img loading=\"lazy\" decoding=\"async\" aria-describedby=\"caption-attachment-8095\" class=\"wp-image-8095 \" src=\"https:\/\/isobarscience.com\/wp-content\/uploads\/2021\/09\/Pb-graphic.jpg\" alt=\"Pb isotopes\" width=\"502\" height=\"221\" srcset=\"https:\/\/isobarscience.com\/wp-content\/uploads\/2021\/09\/Pb-graphic.jpg 1183w, https:\/\/isobarscience.com\/wp-content\/uploads\/2021\/09\/Pb-graphic-300x132.jpg 300w, https:\/\/isobarscience.com\/wp-content\/uploads\/2021\/09\/Pb-graphic-1030x454.jpg 1030w, https:\/\/isobarscience.com\/wp-content\/uploads\/2021\/09\/Pb-graphic-768x339.jpg 768w, https:\/\/isobarscience.com\/wp-content\/uploads\/2021\/09\/Pb-graphic-705x311.jpg 705w\" sizes=\"auto, (max-width: 502px) 100vw, 502px\" \/><p id=\"caption-attachment-8095\" class=\"wp-caption-text\"><span style=\"color: #000000;\"><em>Le cinque specie di isotopi del piombo comunemente usate negli studi geochimici.<\/em><\/span><\/p><\/div>\n<p><span style=\"font-weight: 400;\">I rapporti isotopici del piombo nella catena di decadimento dell&#8217;uranio sono una funzione della quantit\u00e0 di uranio e torio presenti. Dato che i processi geologici influenzano la quantit\u00e0 di U e Th presente, <\/span><b>gli isotopi del piombo rappresentano uno strumento utile per comprendere la natura e le tempistiche di questi processi<\/b><span style=\"font-weight: 400;\">. Poich\u00e9 la composizione isotopica del piombo in un materiale geologico \u00e8 il prodotto di tre catene di decadimento indipendenti, esiste una grande variabilit\u00e0 isotopica nei diversi minerali.<\/span><\/p>\n<div style=\"border: 2px solid gray; padding: 10px;\"><b>Tipi di materiale per l&#8217;analisi del piombo<\/b><span style=\"font-weight: 400;\">: ossa, rocce ignee, sedimenti marini, sedimenti lacustri, monete e manufatti di metallo, polvere minerale, suolo, smalto dentale e acqua. \u00a0<\/span><br \/>\n<span style=\"font-weight: 400;\">Ulteriori informazioni sui <\/span><a href=\"https:\/\/isobarscience.com\/lead-isotopes\/sample-types\/\"><span style=\"font-weight: 400;\">tipi di materiale e la selezione dei campioni<\/span><\/a> <span style=\"font-weight: 400;\">per l&#8217;analisi del piombo.<\/span><\/div>\n<hr \/>\n<h3><span class=\"s1\">Geochimica della terra solida \/ petrologia<\/span><\/h3>\n<p><span style=\"font-weight: 400;\">I rapporti isotopici del piombo possono essere utilizzati nella datazione e nello studio della petrogenesi delle rocce ignee, metamorfiche e idrotermali. Poich\u00e9 l&#8217;uranio, il torio e i loro elementi figli hanno un comportamento chimico diverso, molti processi geologici possono causare un notevole frazionamento dei vari isotopi. Questo genera pattern distintivi che permettono di determinare la storia delle rocce. Per esempio, la composizione isotopica del piombo nelle rocce vulcaniche e plutoniche pu\u00f2 essere sfruttata per determinare la fonte di diversi tipi di magma provenienti da diversi contesti tettonici.<\/span><\/p>\n<div id=\"attachment_1816\" style=\"width: 372px\" class=\"wp-caption aligncenter\"><a href=\"https:\/\/isobarscience.com\/wp-content\/uploads\/2020\/03\/1-Petrology-Application-421x705.jpg\"><img loading=\"lazy\" decoding=\"async\" aria-describedby=\"caption-attachment-1816\" class=\"zoomimg wp-image-1816 \" src=\"https:\/\/isobarscience.com\/wp-content\/uploads\/2020\/03\/1-Petrology-Application-616x1030.jpg\" alt=\"Lead isotopes sediments\" width=\"362\" height=\"605\" srcset=\"https:\/\/isobarscience.com\/wp-content\/uploads\/2020\/03\/1-Petrology-Application-616x1030.jpg 616w, https:\/\/isobarscience.com\/wp-content\/uploads\/2020\/03\/1-Petrology-Application-179x300.jpg 179w, https:\/\/isobarscience.com\/wp-content\/uploads\/2020\/03\/1-Petrology-Application-768x1285.jpg 768w, https:\/\/isobarscience.com\/wp-content\/uploads\/2020\/03\/1-Petrology-Application-918x1536.jpg 918w, https:\/\/isobarscience.com\/wp-content\/uploads\/2020\/03\/1-Petrology-Application-1224x2048.jpg 1224w, https:\/\/isobarscience.com\/wp-content\/uploads\/2020\/03\/1-Petrology-Application-897x1500.jpg 897w, https:\/\/isobarscience.com\/wp-content\/uploads\/2020\/03\/1-Petrology-Application-421x705.jpg 421w, https:\/\/isobarscience.com\/wp-content\/uploads\/2020\/03\/1-Petrology-Application.jpg 1256w\" sizes=\"auto, (max-width: 362px) 100vw, 362px\" \/><\/a><p id=\"caption-attachment-1816\" class=\"wp-caption-text\"><span style=\"color: #000000;\"><em>Analisi isotopica del Pb dei sedimenti dell&#8217;Oceano Pacifico e delle lave dell&#8217;arco attivo delle Marianne, da Woodhead e Fraser, 1985.<\/em><\/span><\/p><\/div>\n<h3 class=\"p1\">Fingerprinting geochimico: polvere e archeologia<\/h3>\n<p><span style=\"font-weight: 400;\">I pattern isotopici del piombo che caratterizzano rocce a diversa litologia (e i suoli sovrastanti) permettono di correlare gli isotopi del piombo ad aree specifiche della superficie terrestre. Rocce diverse presentano rapporti genitore\/figlio distinti, una propriet\u00e0 che \u00e8 stata ampiamente sfruttata per lo studio della provenienza dei materiali meteorizzati ed erosi, ovvero la polvere. Poich\u00e9 ogni fonte di polvere \u00e8 contraddistinta da una diversa firma isotopica del piombo, anche la polvere che \u00e8 stata trasportata per grandi distanze pu\u00f2 essere ricollegata alla sua regione d&#8217;origine. <\/span><\/p>\n<div id=\"attachment_1818\" style=\"width: 431px\" class=\"wp-caption aligncenter\"><a href=\"https:\/\/isobarscience.com\/wp-content\/uploads\/2020\/03\/2-Dust-Application-495x400.jpg\"><img loading=\"lazy\" decoding=\"async\" aria-describedby=\"caption-attachment-1818\" class=\"wp-image-1818 size-full\" src=\"https:\/\/isobarscience.com\/wp-content\/uploads\/2020\/03\/2-Dust-Application-1030x828.jpg\" alt=\"Lead isotopes dust \" width=\"421\" height=\"339\" srcset=\"https:\/\/isobarscience.com\/wp-content\/uploads\/2020\/03\/2-Dust-Application-1030x828.jpg 1030w, https:\/\/isobarscience.com\/wp-content\/uploads\/2020\/03\/2-Dust-Application-300x241.jpg 300w, https:\/\/isobarscience.com\/wp-content\/uploads\/2020\/03\/2-Dust-Application-768x617.jpg 768w, https:\/\/isobarscience.com\/wp-content\/uploads\/2020\/03\/2-Dust-Application-1536x1234.jpg 1536w, https:\/\/isobarscience.com\/wp-content\/uploads\/2020\/03\/2-Dust-Application-2048x1646.jpg 2048w, https:\/\/isobarscience.com\/wp-content\/uploads\/2020\/03\/2-Dust-Application-1500x1205.jpg 1500w, https:\/\/isobarscience.com\/wp-content\/uploads\/2020\/03\/2-Dust-Application-495x400.jpg 495w, https:\/\/isobarscience.com\/wp-content\/uploads\/2020\/03\/2-Dust-Application-705x567.jpg 705w\" sizes=\"auto, (max-width: 421px) 100vw, 421px\" \/><\/a><p id=\"caption-attachment-1818\" class=\"wp-caption-text\"><span style=\"color: #000000;\"><em>Composizione isotopica del Pb di polvere raccolta a Barbados a confronto con varie fonti possibili in Africa, da Bozlaker et al., 2018, modificato.<\/em><\/span><\/p><\/div>\n<p class=\"p1\">Il fingerprinting geochimico pu\u00f2 essere utilizzato anche negli studi archeologici. Fin dalle origini dello studio dei metalli antichi, uno degli obiettivi di questa disciplina \u00e8 stato quello di stabilire l&#8217;origine geologica del metallo usato per la produzione dei manufatti e, di conseguenza, ottenere informazioni sul commercio, le relazioni commerciali e il movimento degli oggetti. Poich\u00e9 gli isotopi del piombo non cambiano di forma dalla loro origine geologica (o forma minerale) al manufatto, i manufatti contengono informazioni sulla posizione del sito da cui il piombo \u00e8 stato estratto.<\/p>\n<h3 class=\"p1\"><span class=\"s1\">Tracciamento delle fonti di inquinamento<\/span><\/h3>\n<p><span style=\"font-weight: 400;\">Il piombo \u00e8 un metallo non essenziale e tossico il cui ciclo biogeochimico \u00e8 stato notevolmente influenzato dall&#8217;attivit\u00e0 umana. Il piombo entra nell&#8217;ambiente durante la produzione (compresa l&#8217;estrazione e la fusione), l&#8217;uso (batterie, pigmenti, ceramica, plastica), il riciclo, lo smaltimento, la combustione di combustibili fossili (carbone, benzina con piombo), l&#8217;uso di fertilizzanti minerali e fanghi di depurazione. Dato che specifici intervalli di rapporti isotopici sono correlati a differenti tipi di attivit\u00e0 umane, analizzare gli isotopi del piombo permette di studiare l&#8217;impatto antropico nel corso del tempo. Negli ultimi anni, gli isotopi di piombo sono stati sempre pi\u00f9 spesso utilizzati per tracciare le fonti e le origini (geogenica o antropogenica) delle contaminazioni e per valutare la persistenza di questo elemento nell&#8217;ambiente. Per esempio, analizzare gli isotopi del piombo nella benzina permette di individuare il suo continente di origine e i cambiamenti nella composizione nel corso del tempo.<\/span><\/p>\n<div id=\"attachment_1819\" style=\"width: 432px\" class=\"wp-caption aligncenter\"><a href=\"https:\/\/isobarscience.com\/wp-content\/uploads\/2020\/03\/3-Fuel-Contamination-Application-705x443.jpg\"><img loading=\"lazy\" decoding=\"async\" aria-describedby=\"caption-attachment-1819\" class=\"wp-image-1819\" src=\"https:\/\/isobarscience.com\/wp-content\/uploads\/2020\/03\/3-Fuel-Contamination-Application-1030x647.jpg\" alt=\"Lead isotopic signature gasoline\" width=\"422\" height=\"265\" srcset=\"https:\/\/isobarscience.com\/wp-content\/uploads\/2020\/03\/3-Fuel-Contamination-Application-1030x647.jpg 1030w, https:\/\/isobarscience.com\/wp-content\/uploads\/2020\/03\/3-Fuel-Contamination-Application-300x188.jpg 300w, https:\/\/isobarscience.com\/wp-content\/uploads\/2020\/03\/3-Fuel-Contamination-Application-768x482.jpg 768w, https:\/\/isobarscience.com\/wp-content\/uploads\/2020\/03\/3-Fuel-Contamination-Application-1536x965.jpg 1536w, https:\/\/isobarscience.com\/wp-content\/uploads\/2020\/03\/3-Fuel-Contamination-Application-2048x1286.jpg 2048w, https:\/\/isobarscience.com\/wp-content\/uploads\/2020\/03\/3-Fuel-Contamination-Application-1500x942.jpg 1500w, https:\/\/isobarscience.com\/wp-content\/uploads\/2020\/03\/3-Fuel-Contamination-Application-705x443.jpg 705w\" sizes=\"auto, (max-width: 422px) 100vw, 422px\" \/><\/a><p id=\"caption-attachment-1819\" class=\"wp-caption-text\"><span style=\"color: #000000;\"><em>Firma isotopica del Pb della benzina prodotta in diversi continenti (grafico di sinistra, da Larsen et al., 2012) e cambiamenti nella firma isotopica del Pb della benzina statunitense nel tempo (grafico di destra, da Dunlap et al., 2008)<\/em><\/span><\/p><\/div>\n<h3 class=\"p1\"><span class=\"s1\">Studi forensi<\/span><\/h3>\n<p><span style=\"font-weight: 400;\">Non \u00e8 raro che in un caso di omicidio manchino prove fisiche che permettano di identificare il colpevole. L&#8217;analisi isotopica del piombo di piccoli frammenti di proiettile pu\u00f2 essere d&#8217;aiuto nell&#8217;identificazione del colpevole, supponendo che tutte le cartucce di proiettile appartenenti a uno specifico lotto abbiano la stessa composizione isotopica. Per esempio, marche diverse di proiettili presentano spesso firme isotopiche distinte. Gli isotopi del piombo permettono quindi di associare un proiettile trovato in una scena del crimine con quelli di un sospettato nei casi in cui il proiettile intero non \u00e8 disponibile per i test balistici.<\/span><\/p>\n<p class=\"p1\">Ulteriori informazioni sull&#8217;<a href=\"https:\/\/isobarscience.com\/sr-pb-isotopes-in-forensics\/\">analisi isotopica in geografia forense<\/a>.<\/p>\n<div id=\"attachment_2201\" style=\"width: 679px\" class=\"wp-caption aligncenter\"><a href=\"https:\/\/isobarscience.com\/wp-content\/uploads\/2021\/10\/4-Forensic-Bullets-1.jpg\"><img loading=\"lazy\" decoding=\"async\" aria-describedby=\"caption-attachment-2201\" class=\"wp-image-2201\" src=\"https:\/\/isobarscience.com\/wp-content\/uploads\/2020\/07\/4-Forensic-Bullets-1-1030x522.jpg\" alt=\"Isobar lead isotope analysis\" width=\"669\" height=\"339\" srcset=\"https:\/\/isobarscience.com\/wp-content\/uploads\/2020\/07\/4-Forensic-Bullets-1-1030x522.jpg 1030w, https:\/\/isobarscience.com\/wp-content\/uploads\/2020\/07\/4-Forensic-Bullets-1-300x152.jpg 300w, https:\/\/isobarscience.com\/wp-content\/uploads\/2020\/07\/4-Forensic-Bullets-1-768x389.jpg 768w, https:\/\/isobarscience.com\/wp-content\/uploads\/2020\/07\/4-Forensic-Bullets-1-1536x778.jpg 1536w, https:\/\/isobarscience.com\/wp-content\/uploads\/2020\/07\/4-Forensic-Bullets-1-2048x1037.jpg 2048w, https:\/\/isobarscience.com\/wp-content\/uploads\/2020\/07\/4-Forensic-Bullets-1-1500x759.jpg 1500w, https:\/\/isobarscience.com\/wp-content\/uploads\/2020\/07\/4-Forensic-Bullets-1-705x357.jpg 705w\" sizes=\"auto, (max-width: 669px) 100vw, 669px\" \/><\/a><p id=\"caption-attachment-2201\" class=\"wp-caption-text\"><span style=\"color: #000000;\"><em>Firma isotopica del Pb in proiettili di diversi produttori di tutto il mondo (da Sj\u00e5stad et al., 2016).<\/em><\/span><\/p><\/div>\n<hr \/>\n<h4>Riferimenti<\/h4>\n<p><span style=\"font-weight: 400;\">Bozlaker, A., Prospero, J.M., Price, J. and Chellam, S., (2018). Linking Barbados mineral dust aerosols to North African sources using elemental composition and radiogenic Sr, Nd, and Pb isotope signatures. Journal of Geophysical Research: Atmospheres, 123(2), pp.1384-1400. DOI: 10.1002\/2017JD027505<\/span><\/p>\n<p><span style=\"font-weight: 400;\">Dunlap, C.E., Alpers, C.N., Bouse, R., Taylor, H.E., Unruh, D.M. and Flegal, A.R., (2008). The persistence of lead from past gasoline emissions and mining drainage in a large riparian system: Evidence from lead isotopes in the Sacramento River, California. Geochimica et Cosmochimica Acta, 72(24), pp.5935-5948. DOI: 10.1016\/j.gca.2008.10.006<\/span><\/p>\n<p><span style=\"font-weight: 400;\">Larsen, M.M., Blusztajn, J.S., Andersen, O. and Dahll\u00f6f, I., (2012). Lead isotopes in marine surface sediments reveal historical use of leaded fuel. Journal of Environmental Monitoring, 14(11), pp.2893-2901. DOI: 10.1039\/c2em30579h<\/span><\/p>\n<p><span style=\"font-weight: 400;\">Sj\u00e5stad, K.E., Lucy, D. and Andersen, T., (2016). Lead isotope ratios for bullets, forensic evaluation in a Bayesian paradigm. Talanta, 146, pp.62-70. DOI: 10.1016\/j.talanta.2015.07.070<\/span><\/p>\n<p><span style=\"font-weight: 400;\">Woodhead, J.D. and Fraser, D.G., (1985). Pb, Sr and 10Be isotopic studies of volcanic rocks from the Northern Mariana Islands. Implications for magma genesis and crustal recycling in the Western Pacific. Geochimica et Cosmochimica Acta, 49(9), pp.1925-1930. DOI: 10.1016\/0016-7037(85)90087-0<\/span><\/p>\n<\/div><\/section><\/div><div  class='hr av-30oacz-fd5fe3571aaa30b0b4afb8fc683cf74a hr-default  avia-builder-el-2  el_after_av_one_full  el_before_av_one_half '><span class='hr-inner '><span class=\"hr-inner-style\"><\/span><\/span><\/div><\/p>\n\n<style type=\"text\/css\" data-created_by=\"avia_inline_auto\" id=\"style-css-av-2ri7n7-030d7f4059791b076638573b736b5090\">\n.flex_column.av-2ri7n7-030d7f4059791b076638573b736b5090{\nborder-radius:0px 0px 0px 0px;\npadding:0px 0px 0px 0px;\n}\n<\/style>\n<div  class='flex_column av-2ri7n7-030d7f4059791b076638573b736b5090 av_one_half  avia-builder-el-3  el_after_av_hr  avia-builder-el-last  first flex_column_div av-zero-column-padding  '     ><section  class='av_textblock_section av-k902bhzn-8ad084be41bd597ef9e5685bf0e3e17a '   itemscope=\"itemscope\" itemtype=\"https:\/\/schema.org\/CreativeWork\" ><div class='avia_textblock'  itemprop=\"text\" ><div style=\"background: #f6f6f6; padding: 20px 18px;\">\n<h4 style=\"color: black;\"><strong>Argomenti correlati<\/strong><\/h4>\n<p style=\"line-height: 1.2;\"><a style=\"font-size: 15px;\" href=\"https:\/\/isobarscience.com\/lead-isotopes\/method\/\">Lead Isotopes Methodology<\/a><\/p>\n<p style=\"line-height: 1.2;\"><a style=\"font-size: 15px;\" href=\"https:\/\/isobarscience.com\/lead-isotopes\/sample-types\/\">Sample Requirements For Lead Isotopes<\/a><\/p>\n<p><a href=\"https:\/\/isobarscience.com\/lead-isotopes-on-water\/\">Lead Isotopes on Water<\/a><\/div>\n<\/div><\/section><\/div>\n","protected":false},"excerpt":{"rendered":"","protected":false},"author":2,"featured_media":0,"parent":23007,"menu_order":0,"comment_status":"closed","ping_status":"closed","template":"","meta":{"footnotes":""},"class_list":["post-23120","page","type-page","status-publish","hentry"],"_links":{"self":[{"href":"https:\/\/isobarscience.com\/it\/wp-json\/wp\/v2\/pages\/23120","targetHints":{"allow":["GET"]}}],"collection":[{"href":"https:\/\/isobarscience.com\/it\/wp-json\/wp\/v2\/pages"}],"about":[{"href":"https:\/\/isobarscience.com\/it\/wp-json\/wp\/v2\/types\/page"}],"author":[{"embeddable":true,"href":"https:\/\/isobarscience.com\/it\/wp-json\/wp\/v2\/users\/2"}],"replies":[{"embeddable":true,"href":"https:\/\/isobarscience.com\/it\/wp-json\/wp\/v2\/comments?post=23120"}],"version-history":[{"count":1,"href":"https:\/\/isobarscience.com\/it\/wp-json\/wp\/v2\/pages\/23120\/revisions"}],"predecessor-version":[{"id":23122,"href":"https:\/\/isobarscience.com\/it\/wp-json\/wp\/v2\/pages\/23120\/revisions\/23122"}],"up":[{"embeddable":true,"href":"https:\/\/isobarscience.com\/it\/wp-json\/wp\/v2\/pages\/23007"}],"wp:attachment":[{"href":"https:\/\/isobarscience.com\/it\/wp-json\/wp\/v2\/media?parent=23120"}],"curies":[{"name":"wp","href":"https:\/\/api.w.org\/{rel}","templated":true}]}}