


{"id":22741,"date":"2022-07-18T18:01:00","date_gmt":"2022-07-18T18:01:00","guid":{"rendered":"https:\/\/isobarscience.com\/send-samples\/"},"modified":"2024-03-20T01:24:48","modified_gmt":"2024-03-20T01:24:48","slug":"send-samples","status":"publish","type":"page","link":"https:\/\/isobarscience.com\/it\/send-samples\/","title":{"rendered":"Send Samples"},"content":{"rendered":"<section  class='av_textblock_section av-kbr0kcn5-3a252cc62af481b4112bddc0a49b3a6c '   itemscope=\"itemscope\" itemtype=\"https:\/\/schema.org\/CreativeWork\" ><div class='avia_textblock'  itemprop=\"text\" ><h1 style=\"text-align: center;\"><strong>Guida all&#8217;invio dei campioni di Isobar Science<\/strong><\/h1>\n<p><a title=\"Contattaci\" href=\"https:\/\/isobarscience.com\/it\/contact-us\/\">Contattaci<\/a> per ricevere un preventivo formale. Rispondiamo rapidamente alle domande dalle 8 alle 17 EST (Stati Uniti e Canada), da luned\u00ec a venerd\u00ec.<\/p>\n<p>I preventivi possono essere emessi in EUR, GBP, KRW, RMB e USD. Accettiamo i pagamenti con carta di credito, ACH e bonifico bancario.<br \/>\n<iframe loading=\"lazy\" class=\"aligncenter embed-responsive-item\" src=\"https:\/\/www.youtube.com\/embed\/iD_25Ro3RqA\" width=\"803\" height=\"452\" frameborder=\"0\" allowfullscreen=\"allowfullscreen\"><\/iframe><\/p>\n<p align=\"center\">Durata: 1 minuto e 23 secondi<\/p>\n<p align=\"center\">Avvertenza: questo video \u00e8 ospitato su un sito esterno e potrebbe contenere pubblicit\u00e0.<\/p>\n<h2><strong>Come inviare i campioni<\/strong><\/h2>\n<h3 style=\"color: black; font-weight: bold;\"><span class=\"numb\">1<\/span> Preparare i campioni<\/h3>\n<p class=\"step\">\u00c8 importante leggere le istruzioni relative ai contenitori e alle quantit\u00e0 raccomandate prima di preparare i campioni per le seguenti analisi:<\/p>\n<table>\n<tbody>\n<tr>\n<td align=\"center\"><a title=\"Boro\" href=\"https:\/\/isobarscience.com\/boron\/sample-types\/\">Boro<\/a><\/td>\n<td align=\"center\"><a title=\"Lead\" href=\"https:\/\/isobarscience.com\/lead-isotopes\/sample-types\/\">Piombo<\/a><\/td>\n<td align=\"center\"><a title=\"Strontium\" href=\"https:\/\/isobarscience.com\/strontium\/sample-types\/\">Stronzio<\/a><\/td>\n<td align=\"center\"><a title=\"U-Th Dating\" href=\"https:\/\/isobarscience.com\/u-th\/sample-types\/\">Datazione uranio-torio<\/a><\/td>\n<\/tr>\n<\/tbody>\n<\/table>\n<p>Nota: le quantit\u00e0 raccomandate non sono quantit\u00e0 minime, ma rappresentano delle linee guida. Contattare il laboratorio per conoscere le quantit\u00e0 minime.<\/p>\n<p><img loading=\"lazy\" decoding=\"async\" class=\"aligncenter size-large wp-image-4170\" src=\"https:\/\/isobarscience.com\/wp-content\/uploads\/2021\/02\/how-pack-sample-1030x533.png\" alt=\"\" width=\"1030\" height=\"533\" srcset=\"https:\/\/isobarscience.com\/wp-content\/uploads\/2021\/02\/how-pack-sample-1030x533.png 1030w, https:\/\/isobarscience.com\/wp-content\/uploads\/2021\/02\/how-pack-sample-300x155.png 300w, https:\/\/isobarscience.com\/wp-content\/uploads\/2021\/02\/how-pack-sample-768x397.png 768w, https:\/\/isobarscience.com\/wp-content\/uploads\/2021\/02\/how-pack-sample-1536x794.png 1536w, https:\/\/isobarscience.com\/wp-content\/uploads\/2021\/02\/how-pack-sample-2048x1059.png 2048w, https:\/\/isobarscience.com\/wp-content\/uploads\/2021\/02\/how-pack-sample-1500x776.png 1500w, https:\/\/isobarscience.com\/wp-content\/uploads\/2021\/02\/how-pack-sample-705x365.png 705w\" sizes=\"auto, (max-width: 1030px) 100vw, 1030px\" \/><\/p>\n<h3 style=\"color: black; font-weight: bold;\"><span class=\"numb\">2<\/span> Inviare il modulo campioni<\/h3>\n<p class=\"step\">Registrarsi nell&#8217;<a href=\"https:\/\/isobarscience.com\/wp-login.php?redirect_to=https%3A%2F%2Fisobarscience.com%2Fcustomer-area%2F\">area clienti<\/a> e compilare il modulo campioni online.<\/p>\n<h3 style=\"color: black; font-weight: bold;\"><span class=\"numb\">3<\/span> Imballare il campione e spedirlo all&#8217;indirizzo raccomandato<\/h3>\n<p><a href=\"https:\/\/isobarscience.com\/it\/contact-us\/\"><strong>Contattare il laboratorio<\/strong><\/a><span style=\"color: #000000;\"><strong> per ricevere le istruzioni di spedizione per la propria regione<\/strong>.<\/span><\/p>\n<p>Inviare i <span style=\"color: #000000;\"><strong>campioni solidi<\/strong><\/span> in scatole rigide (invece di utilizzare buste imbottite) per evitare che si frantumino.<\/p>\n<p>Riporre i<span style=\"color: #000000;\"><strong> campioni d&#8217;acqua<\/strong><\/span> in una scatola. Inserire le bottiglie in una busta di plastica e sigillare la busta con una fascetta o con nastro adesivo. Nota: la quantit\u00e0 massima \u00e8 125 ml.<\/p>\n<p style=\"color: red;\">Raccomandiamo di utilizzare un corriere o comunque un servizio di spedizione tracciabile e di inviare il numero di tracking a <a href=\"mailto:info@isobarscience.com\">info@isobarscience.com<\/a>.<\/p>\n<p><strong>Promemoria:<\/strong> i tempi di consegna indicati sono calcolati a partire dal giorno successivo all&#8217;arrivo dei campioni al laboratorio di Miami, esclusi i fine settimana e i giorni festivi.<\/p>\n<h4 style=\"color: black; font-weight: bold;\">Politica di Isobar Science sulla restituzione dei campioni in eccesso<\/h4>\n<p>Isobar eliminer\u00e0 il materiale in eccesso dopo due mesi. Se il materiale non utilizzato per l&#8217;analisi, originale o pretrattato, deve essere restituito, \u00e8 necessario fornire un&#8217;etichetta per la spedizione o pagare in anticipo la tariffa per la spedizione via Fedex.<\/p>\n<\/div><\/section>\n","protected":false},"excerpt":{"rendered":"","protected":false},"author":2,"featured_media":0,"parent":0,"menu_order":0,"comment_status":"closed","ping_status":"closed","template":"","meta":{"footnotes":""},"class_list":["post-22741","page","type-page","status-publish","hentry"],"_links":{"self":[{"href":"https:\/\/isobarscience.com\/it\/wp-json\/wp\/v2\/pages\/22741","targetHints":{"allow":["GET"]}}],"collection":[{"href":"https:\/\/isobarscience.com\/it\/wp-json\/wp\/v2\/pages"}],"about":[{"href":"https:\/\/isobarscience.com\/it\/wp-json\/wp\/v2\/types\/page"}],"author":[{"embeddable":true,"href":"https:\/\/isobarscience.com\/it\/wp-json\/wp\/v2\/users\/2"}],"replies":[{"embeddable":true,"href":"https:\/\/isobarscience.com\/it\/wp-json\/wp\/v2\/comments?post=22741"}],"version-history":[{"count":2,"href":"https:\/\/isobarscience.com\/it\/wp-json\/wp\/v2\/pages\/22741\/revisions"}],"predecessor-version":[{"id":31328,"href":"https:\/\/isobarscience.com\/it\/wp-json\/wp\/v2\/pages\/22741\/revisions\/31328"}],"wp:attachment":[{"href":"https:\/\/isobarscience.com\/it\/wp-json\/wp\/v2\/media?parent=22741"}],"curies":[{"name":"wp","href":"https:\/\/api.w.org\/{rel}","templated":true}]}}