


{"id":22750,"date":"2022-07-27T18:01:00","date_gmt":"2022-07-27T18:01:00","guid":{"rendered":"https:\/\/isobarscience.com\/send-samples\/"},"modified":"2024-03-20T01:24:21","modified_gmt":"2024-03-20T01:24:21","slug":"send-samples","status":"publish","type":"page","link":"https:\/\/isobarscience.com\/fr\/send-samples\/","title":{"rendered":"Send Samples"},"content":{"rendered":"<section  class='av_textblock_section av-kbr0kcn5-3a252cc62af481b4112bddc0a49b3a6c '   itemscope=\"itemscope\" itemtype=\"https:\/\/schema.org\/CreativeWork\" ><div class='avia_textblock'  itemprop=\"text\" ><h1 style=\"text-align: center;\"><strong>Guide d&rsquo;envoi des \u00e9chantillons de Isobar Science<\/strong><\/h1>\n<p><a title=\"contact us\" href=\"https:\/\/isobarscience.com\/fr\/contact-us\/\">Contactez-nous<\/a> pour recevoir un devis. Nous r\u00e9pondons rapidement aux demandes de renseignements pendant les heures ouvrables (de 8h \u00e0 17h du lundi au vendredi).<\/p>\n<p>Les prix sont disponibles en EUR, GBP, KRW, RMB et USD. Nous acceptons les paiements par carte de cr\u00e9dit, ACH et virement bancaire.<br \/>\n<iframe loading=\"lazy\" class=\"aligncenter embed-responsive-item\" src=\"https:\/\/www.youtube.com\/embed\/iD_25Ro3RqA\" width=\"803\" height=\"452\" frameborder=\"0\" allowfullscreen=\"allowfullscreen\"><\/iframe><\/p>\n<p align=\"center\">Dur\u00e9e : 1 minute, 23 secondes<\/p>\n<p align=\"center\">Avis de non-responsabilit\u00e9 : cette vid\u00e9o est h\u00e9berg\u00e9e sur un site tiers et peut contenir de la publicit\u00e9.<\/p>\n<h2><strong>Comment envoyer des \u00e9chantillons<\/strong><\/h2>\n<h3 style=\"color: black; font-weight: bold;\"><span class=\"numb\">1<\/span> Pr\u00e9parer les \u00e9chantillons<\/h3>\n<p class=\"step\">Veuillez lire nos recommandations sur la manipulation, l&#8217;emballage et la taille des \u00e9chantillons avant de pr\u00e9parer vos \u00e9chantillons pour les analyses isotopiques :<\/p>\n<table>\n<tbody>\n<tr>\n<td align=\"center\"><a title=\"Boron\" href=\"https:\/\/isobarscience.com\/boron\/sample-types\/\">Bore<\/a><\/td>\n<td align=\"center\"><a title=\"Lead\" href=\"https:\/\/isobarscience.com\/lead-isotopes\/sample-types\/\">Plomb<\/a><\/td>\n<td align=\"center\"><a title=\"Strontium\" href=\"https:\/\/isobarscience.com\/strontium\/sample-types\/\">Strontium<\/a><\/td>\n<td align=\"center\"><a title=\"U-Th Dating\" href=\"https:\/\/isobarscience.com\/u-th\/sample-types\/\">Datation U-Th<\/a><\/td>\n<\/tr>\n<\/tbody>\n<\/table>\n<p>Remarque : Nos recommandations de taille d&rsquo;\u00e9chantillon ne sont pas des exigences, uniquement des directives g\u00e9n\u00e9rales. Contactez-nous pour conna\u00eetre les quantit\u00e9s minimales.<\/p>\n<p><img loading=\"lazy\" decoding=\"async\" class=\"aligncenter size-large wp-image-4170\" src=\"https:\/\/isobarscience.com\/wp-content\/uploads\/2021\/02\/how-pack-sample-1030x533.png\" alt=\"\" width=\"1030\" height=\"533\" srcset=\"https:\/\/isobarscience.com\/wp-content\/uploads\/2021\/02\/how-pack-sample-1030x533.png 1030w, https:\/\/isobarscience.com\/wp-content\/uploads\/2021\/02\/how-pack-sample-300x155.png 300w, https:\/\/isobarscience.com\/wp-content\/uploads\/2021\/02\/how-pack-sample-768x397.png 768w, https:\/\/isobarscience.com\/wp-content\/uploads\/2021\/02\/how-pack-sample-1536x794.png 1536w, https:\/\/isobarscience.com\/wp-content\/uploads\/2021\/02\/how-pack-sample-2048x1059.png 2048w, https:\/\/isobarscience.com\/wp-content\/uploads\/2021\/02\/how-pack-sample-1500x776.png 1500w, https:\/\/isobarscience.com\/wp-content\/uploads\/2021\/02\/how-pack-sample-705x365.png 705w\" sizes=\"auto, (max-width: 1030px) 100vw, 1030px\" \/><\/p>\n<h3 style=\"color: black; font-weight: bold;\"><span class=\"numb\">2<\/span> Compl\u00e9ter le formulaire<\/h3>\n<p class=\"step\">Veuillez vous enregistrer dans notre <a href=\"https:\/\/isobarscience.com\/wp-login.php?redirect_to=https%3A%2F%2Fisobarscience.com%2Fcustomer-area%2F\">Espace client<\/a> pour compl\u00e9ter notre formulaire d&rsquo;envoi.<\/p>\n<h3 style=\"color: black; font-weight: bold;\"><span class=\"numb\">3<\/span> Emballer les \u00e9chantillons et les envoyer \u00e0 l&rsquo;adresse indiqu\u00e9e<\/h3>\n<p><a href=\"https:\/\/isobarscience.com\/fr\/contact-us\/\"><strong>Contactez-nous<\/strong><\/a><span style=\"color: #000000;\"><strong> pour conna\u00eetre les \u200binstructions d&rsquo;envoi dans votre r\u00e9gion avant d&rsquo;envoyer des \u00e9chantillons<\/strong>.<\/span><\/p>\n<p>Pour <span style=\"color: #000000;\"><strong>les \u00e9chantillons solides<\/strong><\/span>, utiliser de petites bo\u00eetes plut\u00f4t que des enveloppes pour \u00e9viter que les \u00e9chantillons ne soient \u00e9cras\u00e9s pendant le transport.<\/p>\n<p>Envoyer les<span style=\"color: #000000;\"><strong> \u00e9chantillons d&rsquo;eau<\/strong><\/span> dans une bo\u00eete. Placer les bouteilles dans un sac en plastique et fermer le sac avec du ruban adh\u00e9sif. Remarque : La taille d&rsquo;\u00e9chantillon maximale requise est de 125 ml.<\/p>\n<p style=\"color: red;\">Veuillez utiliser un transporteur sp\u00e9cialis\u00e9 et envoyer le num\u00e9ro de suivi \u00e0 <a href=\"mailto:info@isobarscience.com\">info@isobarscience.com<\/a>.<\/p>\n<p><strong>Rappel:<\/strong> Notre d\u00e9lai de livraison indiqu\u00e9 commence le jour suivant la r\u00e9ception au laboratoire de Miami, hors week-end.<\/p>\n<h4 style=\"color: black; font-weight: bold;\">Politique d&rsquo;Isobar sur le stockage d&rsquo;\u00e9chantillons exc\u00e9dentaires<\/h4>\n<p>Isobar \u00e9liminera tout surplus d&rsquo;\u00e9chantillon apr\u00e8s deux mois. Si vous avez besoin que l&rsquo;on vous renvoie des \u00e9chantillons originaux non utilis\u00e9s ou pr\u00e9trait\u00e9s en exc\u00e8s, veuillez fournir une \u00e9tiquette de retour pay\u00e9e ou payer \u00e0 l&rsquo;avance les frais d&rsquo;exp\u00e9dition estim\u00e9s via FedEx.<\/p>\n<\/div><\/section>\n","protected":false},"excerpt":{"rendered":"","protected":false},"author":2,"featured_media":0,"parent":0,"menu_order":0,"comment_status":"closed","ping_status":"closed","template":"","meta":{"footnotes":""},"class_list":["post-22750","page","type-page","status-publish","hentry"],"_links":{"self":[{"href":"https:\/\/isobarscience.com\/fr\/wp-json\/wp\/v2\/pages\/22750","targetHints":{"allow":["GET"]}}],"collection":[{"href":"https:\/\/isobarscience.com\/fr\/wp-json\/wp\/v2\/pages"}],"about":[{"href":"https:\/\/isobarscience.com\/fr\/wp-json\/wp\/v2\/types\/page"}],"author":[{"embeddable":true,"href":"https:\/\/isobarscience.com\/fr\/wp-json\/wp\/v2\/users\/2"}],"replies":[{"embeddable":true,"href":"https:\/\/isobarscience.com\/fr\/wp-json\/wp\/v2\/comments?post=22750"}],"version-history":[{"count":2,"href":"https:\/\/isobarscience.com\/fr\/wp-json\/wp\/v2\/pages\/22750\/revisions"}],"predecessor-version":[{"id":31327,"href":"https:\/\/isobarscience.com\/fr\/wp-json\/wp\/v2\/pages\/22750\/revisions\/31327"}],"wp:attachment":[{"href":"https:\/\/isobarscience.com\/fr\/wp-json\/wp\/v2\/media?parent=22750"}],"curies":[{"name":"wp","href":"https:\/\/api.w.org\/{rel}","templated":true}]}}