


{"id":23129,"date":"2020-02-19T14:36:39","date_gmt":"2020-02-19T14:36:39","guid":{"rendered":"https:\/\/isobarscience.com\/isotopos-plomo\/application\/"},"modified":"2023-04-14T16:46:10","modified_gmt":"2023-04-14T16:46:10","slug":"aplicaciones","status":"publish","type":"page","link":"https:\/\/isobarscience.com\/es\/isotopos-plomo\/aplicaciones\/","title":{"rendered":"Application"},"content":{"rendered":"\n<style type=\"text\/css\" data-created_by=\"avia_inline_auto\" id=\"style-css-av-769vj7-598ec4cb394887adae753d829b32f331\">\n.flex_column.av-769vj7-598ec4cb394887adae753d829b32f331{\nborder-radius:0px 0px 0px 0px;\npadding:0px 0px 0px 0px;\n}\n<\/style>\n<div  class='flex_column av-769vj7-598ec4cb394887adae753d829b32f331 av_one_full  avia-builder-el-0  el_before_av_hr  avia-builder-el-first  first flex_column_div av-zero-column-padding  '     ><section  class='av_textblock_section av-ktd3d7mq-1c9c4061bffde9e8d4158cfa6d234652 '   itemscope=\"itemscope\" itemtype=\"https:\/\/schema.org\/CreativeWork\" ><div class='avia_textblock'  itemprop=\"text\" ><h1 style=\"text-align: center;\">Descripci\u00f3n general de la geoqu\u00edmica del plomo (Pb)<\/h1>\n<p><span style=\"font-weight: 400;\">Hasta la actualidad, se han identificado un total de 43 is\u00f3topos de plomo (Pb), incluyendo especies sint\u00e9ticas muy inestables, pero principalmente hay cinco que se usan en investigaci\u00f3n geoqu\u00edmica (Figura 1). El plomo tiene cuatro is\u00f3topos relativamente estables: <sup>204<\/sup>Pb<\/span><span style=\"font-weight: 400;\">, <sup>206<\/sup>Pb<\/span><span style=\"font-weight: 400;\">, <sup>207<\/sup>Pb<\/span><span style=\"font-weight: 400;\">\u00a0y <sup>208<\/sup>Pb<\/span><span style=\"font-weight: 400;\">; los tres \u00faltimos representan los extremos de las cadenas de descomposici\u00f3n. <sup>206<\/sup>Pb<\/span><span style=\"font-weight: 400;\">\u00a0se encuentra al final de la cadena de desintegraci\u00f3n del uranio, <sup>207<\/sup>Pb<\/span><span style=\"font-weight: 400;\">\u00a0al final de la cadena de desintegraci\u00f3n del actinio y <sup>208<\/sup>Pb<\/span><span style=\"font-weight: 400;\">\u00a0est\u00e1 al final de la cadena de desintegraci\u00f3n del torio. <sup>210<\/sup>Pb<\/span><span style=\"font-weight: 400;\"> es un is\u00f3topo natural de vida corta con una vida media de 22,6 a\u00f1os; su conveniente vida media se usa ampliamente para datar la era glacial, sedimentos recientes y dep\u00f3sitos de turba.<\/span><\/p>\n<div id=\"attachment_8095\" style=\"width: 512px\" class=\"wp-caption aligncenter\"><img loading=\"lazy\" decoding=\"async\" aria-describedby=\"caption-attachment-8095\" class=\"wp-image-8095 \" src=\"https:\/\/isobarscience.com\/wp-content\/uploads\/2021\/09\/Pb-graphic.jpg\" alt=\"Pb isotopes\" width=\"502\" height=\"221\" srcset=\"https:\/\/isobarscience.com\/wp-content\/uploads\/2021\/09\/Pb-graphic.jpg 1183w, https:\/\/isobarscience.com\/wp-content\/uploads\/2021\/09\/Pb-graphic-300x132.jpg 300w, https:\/\/isobarscience.com\/wp-content\/uploads\/2021\/09\/Pb-graphic-1030x454.jpg 1030w, https:\/\/isobarscience.com\/wp-content\/uploads\/2021\/09\/Pb-graphic-768x339.jpg 768w, https:\/\/isobarscience.com\/wp-content\/uploads\/2021\/09\/Pb-graphic-705x311.jpg 705w\" sizes=\"auto, (max-width: 502px) 100vw, 502px\" \/><p id=\"caption-attachment-8095\" class=\"wp-caption-text\"><span style=\"color: #000000;\"><em>Las cinco especies de is\u00f3topos de plomo que se usan generalmente en estudios geoqu\u00edmicos.<\/em><\/span><\/p><\/div>\n<p><span style=\"font-weight: 400;\">Las proporciones isot\u00f3picas del plomo dentro de la cadena de desintegraci\u00f3n del uranio son una funci\u00f3n de la cantidad de uranio y torio presente. Los procesos geol\u00f3gicos afectan la cantidad de U y Th presente. Por eso <\/span><b>los is\u00f3topos de plomo son una herramienta \u00fatil para comprender la naturaleza y el lapso de tiempo transcurrido en estos procesos<\/b><span style=\"font-weight: 400;\">. Dado que la composici\u00f3n isot\u00f3pica de plomo del material geol\u00f3gico es una funci\u00f3n de tres cadenas de desintegraci\u00f3n independientes, existe un gran potencial de variabilidad isot\u00f3pica en los minerales.<\/span><\/p>\n<div style=\"border: 2px solid gray; padding: 10px;\"><b>Tipos de muestras disponibles para an\u00e1lisis de plomo<\/b><span style=\"font-weight: 400;\">: huesos, rocas \u00edgneas, sedimentos marinos y lacustres, artefactos de metal\/monedas, polvo mineral, suelo, esmalte dental y agua.<\/span><br \/>\n<span style=\"font-weight: 400;\">M\u00e1s informaci\u00f3n sobre <\/span><a href=\"https:\/\/isobarscience.com\/lead-isotopes\/sample-types\/\"><span style=\"font-weight: 400;\">tipos de muestras y selecci\u00f3n<\/span><\/a> <span style=\"font-weight: 400;\">para an\u00e1lisis de plomo.<\/span><\/div>\n<hr \/>\n<h3><span class=\"s1\">Geoqu\u00edmica de Tierra S\u00f3lida \/ Petrolog\u00eda<\/span><\/h3>\n<p><span style=\"font-weight: 400;\">Las proporciones isot\u00f3picas del plomo pueden utilizarse en la determinaci\u00f3n de la edad y el rastreo petrogen\u00e9tico de rocas \u00edgneas, metam\u00f3rficas e hidrotermales. Debido a que existe una divergencia en el comportamiento qu\u00edmico entre el uranio, el torio y sus elementos hijas, muchos procesos geol\u00f3gicos pueden conducir a un extenso fraccionamiento de los diversos is\u00f3topos. Esto da como resultado patrones distintivos que permiten determinar la historia de las rocas. Por ejemplo, la composici\u00f3n isot\u00f3pica de plomo de las rocas volc\u00e1nicas y plut\u00f3nicas se puede utilizar para identificar las fuentes de diversos tipos de magma que se originan en diferentes entornos tect\u00f3nicos.<\/span><\/p>\n<div id=\"attachment_1816\" style=\"width: 372px\" class=\"wp-caption aligncenter\"><a href=\"https:\/\/isobarscience.com\/wp-content\/uploads\/2020\/03\/1-Petrology-Application-421x705.jpg\"><img loading=\"lazy\" decoding=\"async\" aria-describedby=\"caption-attachment-1816\" class=\"zoomimg wp-image-1816 \" src=\"https:\/\/isobarscience.com\/wp-content\/uploads\/2020\/03\/1-Petrology-Application-616x1030.jpg\" alt=\"Lead isotopes sediments\" width=\"362\" height=\"605\" srcset=\"https:\/\/isobarscience.com\/wp-content\/uploads\/2020\/03\/1-Petrology-Application-616x1030.jpg 616w, https:\/\/isobarscience.com\/wp-content\/uploads\/2020\/03\/1-Petrology-Application-179x300.jpg 179w, https:\/\/isobarscience.com\/wp-content\/uploads\/2020\/03\/1-Petrology-Application-768x1285.jpg 768w, https:\/\/isobarscience.com\/wp-content\/uploads\/2020\/03\/1-Petrology-Application-918x1536.jpg 918w, https:\/\/isobarscience.com\/wp-content\/uploads\/2020\/03\/1-Petrology-Application-1224x2048.jpg 1224w, https:\/\/isobarscience.com\/wp-content\/uploads\/2020\/03\/1-Petrology-Application-897x1500.jpg 897w, https:\/\/isobarscience.com\/wp-content\/uploads\/2020\/03\/1-Petrology-Application-421x705.jpg 421w, https:\/\/isobarscience.com\/wp-content\/uploads\/2020\/03\/1-Petrology-Application.jpg 1256w\" sizes=\"auto, (max-width: 362px) 100vw, 362px\" \/><\/a><p id=\"caption-attachment-1816\" class=\"wp-caption-text\"><span style=\"color: #000000;\"><em>Pb isotope analyses of Pacific Ocean sediments and Mariana Active arc lavas, after Woodhead and Fraser, 1985.<\/em><\/span><\/p><\/div>\n<h3 class=\"p1\">Caracterizaci\u00f3n geoqu\u00edmica: polvo y arqueolog\u00eda<\/h3>\n<p><span style=\"font-weight: 400;\">Los patrones isot\u00f3picos distintivos del plomo que est\u00e1n presentes en diferentes litolog\u00edas de rocas (y suelos suprayacentes) permiten correlacionar los is\u00f3topos de plomo con \u00e1reas espec\u00edficas de la superficie terrestre. Como las diferentes rocas presentan distintas proporciones padre\/hijo, esta propiedad se ha utilizado ampliamente para estudios de procedencia de materiales erosionados y meteorizados, es decir, el polvo. Por ejemplo, las fuentes de polvo tienen distintas huellas isot\u00f3picas de plomo, por lo tanto, el polvo que ha viajado largas distancias se puede rastrear hasta su regi\u00f3n de origen.<\/span><\/p>\n<div id=\"attachment_1818\" style=\"width: 431px\" class=\"wp-caption aligncenter\"><a href=\"https:\/\/isobarscience.com\/wp-content\/uploads\/2020\/03\/2-Dust-Application-495x400.jpg\"><img loading=\"lazy\" decoding=\"async\" aria-describedby=\"caption-attachment-1818\" class=\"wp-image-1818 size-full\" src=\"https:\/\/isobarscience.com\/wp-content\/uploads\/2020\/03\/2-Dust-Application-1030x828.jpg\" alt=\"Lead isotopes dust \" width=\"421\" height=\"339\" srcset=\"https:\/\/isobarscience.com\/wp-content\/uploads\/2020\/03\/2-Dust-Application-1030x828.jpg 1030w, https:\/\/isobarscience.com\/wp-content\/uploads\/2020\/03\/2-Dust-Application-300x241.jpg 300w, https:\/\/isobarscience.com\/wp-content\/uploads\/2020\/03\/2-Dust-Application-768x617.jpg 768w, https:\/\/isobarscience.com\/wp-content\/uploads\/2020\/03\/2-Dust-Application-1536x1234.jpg 1536w, https:\/\/isobarscience.com\/wp-content\/uploads\/2020\/03\/2-Dust-Application-2048x1646.jpg 2048w, https:\/\/isobarscience.com\/wp-content\/uploads\/2020\/03\/2-Dust-Application-1500x1205.jpg 1500w, https:\/\/isobarscience.com\/wp-content\/uploads\/2020\/03\/2-Dust-Application-495x400.jpg 495w, https:\/\/isobarscience.com\/wp-content\/uploads\/2020\/03\/2-Dust-Application-705x567.jpg 705w\" sizes=\"auto, (max-width: 421px) 100vw, 421px\" \/><\/a><p id=\"caption-attachment-1818\" class=\"wp-caption-text\"><span style=\"color: #000000;\"><em>Composici\u00f3n de is\u00f3topos de Pb del polvo recolectado en Barbados en comparaci\u00f3n con varias fuentes potenciales en \u00c1frica, modificado seg\u00fan Bozlaker et al., 2018.<\/em><\/span><\/p><\/div>\n<p class=\"p1\">Esta caracterizaci\u00f3n geoqu\u00edmica tambi\u00e9n se puede utilizar en estudios arqueol\u00f3gicos. Desde el inicio del estudio de metales antiguos, un objetivo importante fue establecer el or\u00edgen geol\u00f3gico del metal utilizado para fabricar artefactos met\u00e1licos particulares y, de esta manera, abordar directamente cuestiones de comercio, relaciones comerciales y movimiento de objetos. Dado que los is\u00f3topos de plomo no cambian su forma desde su origen geol\u00f3gico (o forma de mineral) con la fabricaci\u00f3n del artefacto, este contiene informaci\u00f3n sobre la ubicaci\u00f3n del lugar en el que se extrajo el plomo.<\/p>\n<h3 class=\"p1\"><span class=\"s1\">Detecci\u00f3n de fuentes contaminantes<\/span><\/h3>\n<p><span style=\"font-weight: 400;\">El plomo es un metal prescindible y t\u00f3xico cuyo ciclo biogeoqu\u00edmico ha recibido un impacto significativo debido a la actividad humana. El plomo se incorpora en el ambiente durante la producci\u00f3n (incluyendo miner\u00eda y fundici\u00f3n), uso (bater\u00edas, pigmentos, cer\u00e1mica, pl\u00e1sticos), reciclaje, eliminaci\u00f3n de compuestos de Pb, combusti\u00f3n de combustibles f\u00f3siles (carb\u00f3n, antiguo uso de gasolina con plomo), uso de fertilizantes minerales y aplicaci\u00f3n de lodos de depuradora, entre otras fuentes. Como resultado, es posible analizar diferentes is\u00f3topos de plomo para determinar el impacto humano a trav\u00e9s del tiempo mediante la investigaci\u00f3n de rangos \u00fanicos de is\u00f3topos de plomo que est\u00e1n correlacionados con tipos espec\u00edficos de actividades humanas. En a\u00f1os recientes, ha aumentado el inter\u00e9s en los is\u00f3topos de plomo como herramienta para determinar la fuente y el origen (geog\u00e9nico vs. antropog\u00e9nico) de contaminaci\u00f3n y evaluar la persistencia de esos elementos en el ambiente. Por ejemplo, los is\u00f3topos de plomo en la gasolina se pueden usar para analizar la fuente continental de la gasolina, as\u00ed como cambios en la composici\u00f3n de la gasolina a trav\u00e9s del tiempo.<\/span><\/p>\n<div id=\"attachment_1819\" style=\"width: 432px\" class=\"wp-caption aligncenter\"><a href=\"https:\/\/isobarscience.com\/wp-content\/uploads\/2020\/03\/3-Fuel-Contamination-Application-705x443.jpg\"><img loading=\"lazy\" decoding=\"async\" aria-describedby=\"caption-attachment-1819\" class=\"wp-image-1819\" src=\"https:\/\/isobarscience.com\/wp-content\/uploads\/2020\/03\/3-Fuel-Contamination-Application-1030x647.jpg\" alt=\"Lead isotopic signature gasoline\" width=\"422\" height=\"265\" srcset=\"https:\/\/isobarscience.com\/wp-content\/uploads\/2020\/03\/3-Fuel-Contamination-Application-1030x647.jpg 1030w, https:\/\/isobarscience.com\/wp-content\/uploads\/2020\/03\/3-Fuel-Contamination-Application-300x188.jpg 300w, https:\/\/isobarscience.com\/wp-content\/uploads\/2020\/03\/3-Fuel-Contamination-Application-768x482.jpg 768w, https:\/\/isobarscience.com\/wp-content\/uploads\/2020\/03\/3-Fuel-Contamination-Application-1536x965.jpg 1536w, https:\/\/isobarscience.com\/wp-content\/uploads\/2020\/03\/3-Fuel-Contamination-Application-2048x1286.jpg 2048w, https:\/\/isobarscience.com\/wp-content\/uploads\/2020\/03\/3-Fuel-Contamination-Application-1500x942.jpg 1500w, https:\/\/isobarscience.com\/wp-content\/uploads\/2020\/03\/3-Fuel-Contamination-Application-705x443.jpg 705w\" sizes=\"auto, (max-width: 422px) 100vw, 422px\" \/><\/a><p id=\"caption-attachment-1819\" class=\"wp-caption-text\"><span style=\"color: #000000;\"><em>Firma del is\u00f3topo Pb de la gasolina producida en diferentes continentes (panel izquierdo, seg\u00fan Larsen et al., 2012) y cambios en la firma de is\u00f3topos de Pb de la gasolina estadounidense a lo largo del tiempo (panel derecho, seg\u00fan Dunlap et al., 2008)<\/em><\/span><\/p><\/div>\n<h3 class=\"p1\"><span class=\"s1\">Estudios forenses<\/span><\/h3>\n<p><span style=\"font-weight: 400;\">En muchos casos de homicidios suelen faltar evidencias f\u00edsicas para identificar al autor del crimen. El an\u00e1lisis isot\u00f3pico de plomo de peque\u00f1os fragmentos de material de bala pueden proporcionar una identificaci\u00f3n positiva al culpable asumiendo que todos los cartuchos de bala dentro de un solo lote tienen la misma composici\u00f3n isot\u00f3pica. Por ejemplo, diferentes marcas de balas a menudo tienen distintas firmas isot\u00f3picas de plomo. De esta manera, los is\u00f3topos de plomo pueden utilizarse para relacionar una bala encontrada en la escena del crimen con balas de posibles sospechosos. Este m\u00e9todo es eficaz cuando la bala completa no est\u00e1 disponible para realizar pruebas bal\u00edsticas.<\/span><\/p>\n<p class=\"p1\">M\u00e1s informaci\u00f3n sobre <a href=\"https:\/\/isobarscience.com\/sr-pb-isotopes-in-forensics\/\">an\u00e1lisis isot\u00f3picos en la geograf\u00eda forense<\/a>.<\/p>\n<div id=\"attachment_2201\" style=\"width: 679px\" class=\"wp-caption aligncenter\"><a href=\"https:\/\/isobarscience.com\/wp-content\/uploads\/2021\/10\/4-Forensic-Bullets-1.jpg\"><img loading=\"lazy\" decoding=\"async\" aria-describedby=\"caption-attachment-2201\" class=\"wp-image-2201\" src=\"https:\/\/isobarscience.com\/wp-content\/uploads\/2020\/07\/4-Forensic-Bullets-1-1030x522.jpg\" alt=\"Isobar lead isotope analysis\" width=\"669\" height=\"339\" srcset=\"https:\/\/isobarscience.com\/wp-content\/uploads\/2020\/07\/4-Forensic-Bullets-1-1030x522.jpg 1030w, https:\/\/isobarscience.com\/wp-content\/uploads\/2020\/07\/4-Forensic-Bullets-1-300x152.jpg 300w, https:\/\/isobarscience.com\/wp-content\/uploads\/2020\/07\/4-Forensic-Bullets-1-768x389.jpg 768w, https:\/\/isobarscience.com\/wp-content\/uploads\/2020\/07\/4-Forensic-Bullets-1-1536x778.jpg 1536w, https:\/\/isobarscience.com\/wp-content\/uploads\/2020\/07\/4-Forensic-Bullets-1-2048x1037.jpg 2048w, https:\/\/isobarscience.com\/wp-content\/uploads\/2020\/07\/4-Forensic-Bullets-1-1500x759.jpg 1500w, https:\/\/isobarscience.com\/wp-content\/uploads\/2020\/07\/4-Forensic-Bullets-1-705x357.jpg 705w\" sizes=\"auto, (max-width: 669px) 100vw, 669px\" \/><\/a><p id=\"caption-attachment-2201\" class=\"wp-caption-text\"><span style=\"color: #000000;\"><em>Firma isot\u00f3pica de Pb de balas de diferentes fabricantes en todo el mundo (seg\u00fan Sj\u00e5stad et al., 2016).<\/em><\/span><\/p><\/div>\n<hr \/>\n<h4>Referencias<\/h4>\n<p><span style=\"font-weight: 400;\">Bozlaker, A., Prospero, J.M., Price, J. and Chellam, S., (2018). Linking Barbados mineral dust aerosols to North African sources using elemental composition and radiogenic Sr, Nd, and Pb isotope signatures. Journal of Geophysical Research: Atmospheres, 123(2), pp.1384-1400. DOI: 10.1002\/2017JD027505<\/span><\/p>\n<p><span style=\"font-weight: 400;\">Dunlap, C.E., Alpers, C.N., Bouse, R., Taylor, H.E., Unruh, D.M. and Flegal, A.R., (2008). The persistence of lead from past gasoline emissions and mining drainage in a large riparian system: Evidence from lead isotopes in the Sacramento River, California. Geochimica et Cosmochimica Acta, 72(24), pp.5935-5948. DOI: 10.1016\/j.gca.2008.10.006<\/span><\/p>\n<p><span style=\"font-weight: 400;\">Larsen, M.M., Blusztajn, J.S., Andersen, O. and Dahll\u00f6f, I., (2012). Lead isotopes in marine surface sediments reveal historical use of leaded fuel. Journal of Environmental Monitoring, 14(11), pp.2893-2901. DOI: 10.1039\/c2em30579h<\/span><\/p>\n<p><span style=\"font-weight: 400;\">Sj\u00e5stad, K.E., Lucy, D. and Andersen, T., (2016). Lead isotope ratios for bullets, forensic evaluation in a Bayesian paradigm. Talanta, 146, pp.62-70. DOI: 10.1016\/j.talanta.2015.07.070<\/span><\/p>\n<p><span style=\"font-weight: 400;\">Woodhead, J.D. and Fraser, D.G., (1985). Pb, Sr and 10Be isotopic studies of volcanic rocks from the Northern Mariana Islands. Implications for magma genesis and crustal recycling in the Western Pacific. Geochimica et Cosmochimica Acta, 49(9), pp.1925-1930. DOI: 10.1016\/0016-7037(85)90087-0<\/span><\/p>\n<\/div><\/section><\/div><div  class='hr av-30oacz-fd5fe3571aaa30b0b4afb8fc683cf74a hr-default  avia-builder-el-2  el_after_av_one_full  el_before_av_one_half '><span class='hr-inner '><span class=\"hr-inner-style\"><\/span><\/span><\/div><\/p>\n\n<style type=\"text\/css\" data-created_by=\"avia_inline_auto\" id=\"style-css-av-2ri7n7-030d7f4059791b076638573b736b5090\">\n.flex_column.av-2ri7n7-030d7f4059791b076638573b736b5090{\nborder-radius:0px 0px 0px 0px;\npadding:0px 0px 0px 0px;\n}\n<\/style>\n<div  class='flex_column av-2ri7n7-030d7f4059791b076638573b736b5090 av_one_half  avia-builder-el-3  el_after_av_hr  avia-builder-el-last  first flex_column_div av-zero-column-padding  '     ><section  class='av_textblock_section av-k902bhzn-8ad084be41bd597ef9e5685bf0e3e17a '   itemscope=\"itemscope\" itemtype=\"https:\/\/schema.org\/CreativeWork\" ><div class='avia_textblock'  itemprop=\"text\" ><div style=\"background: #f6f6f6; padding: 20px 18px;\">\n<h4 style=\"color: black;\"><strong>Temas relacionados<\/strong><\/h4>\n<p style=\"line-height: 1.2;\"><a style=\"font-size: 15px;\" href=\"https:\/\/isobarscience.com\/lead-isotopes\/method\/\">Lead Isotopes Methodology<\/a><\/p>\n<p style=\"line-height: 1.2;\"><a style=\"font-size: 15px;\" href=\"https:\/\/isobarscience.com\/lead-isotopes\/sample-types\/\">Sample Requirements For Lead Isotopes<\/a><\/p>\n<p><a href=\"https:\/\/isobarscience.com\/lead-isotopes-on-water\/\">Lead Isotopes on Water<\/a><\/div>\n<\/div><\/section><\/div>\n","protected":false},"excerpt":{"rendered":"","protected":false},"author":2,"featured_media":0,"parent":23016,"menu_order":0,"comment_status":"closed","ping_status":"closed","template":"","meta":{"footnotes":""},"class_list":["post-23129","page","type-page","status-publish","hentry"],"_links":{"self":[{"href":"https:\/\/isobarscience.com\/es\/wp-json\/wp\/v2\/pages\/23129","targetHints":{"allow":["GET"]}}],"collection":[{"href":"https:\/\/isobarscience.com\/es\/wp-json\/wp\/v2\/pages"}],"about":[{"href":"https:\/\/isobarscience.com\/es\/wp-json\/wp\/v2\/types\/page"}],"author":[{"embeddable":true,"href":"https:\/\/isobarscience.com\/es\/wp-json\/wp\/v2\/users\/2"}],"replies":[{"embeddable":true,"href":"https:\/\/isobarscience.com\/es\/wp-json\/wp\/v2\/comments?post=23129"}],"version-history":[{"count":2,"href":"https:\/\/isobarscience.com\/es\/wp-json\/wp\/v2\/pages\/23129\/revisions"}],"predecessor-version":[{"id":26294,"href":"https:\/\/isobarscience.com\/es\/wp-json\/wp\/v2\/pages\/23129\/revisions\/26294"}],"up":[{"embeddable":true,"href":"https:\/\/isobarscience.com\/es\/wp-json\/wp\/v2\/pages\/23016"}],"wp:attachment":[{"href":"https:\/\/isobarscience.com\/es\/wp-json\/wp\/v2\/media?parent=23129"}],"curies":[{"name":"wp","href":"https:\/\/api.w.org\/{rel}","templated":true}]}}