


{"id":15466,"date":"2022-07-05T14:08:36","date_gmt":"2022-07-05T14:08:36","guid":{"rendered":"https:\/\/isobarscience.com\/?page_id=15466"},"modified":"2025-10-07T15:18:46","modified_gmt":"2025-10-07T15:18:46","slug":"contacto","status":"publish","type":"page","link":"https:\/\/isobarscience.com\/es\/contacto\/","title":{"rendered":"Contacto"},"content":{"rendered":"\n<style type=\"text\/css\" data-created_by=\"avia_inline_auto\" id=\"style-css-av-lhqcvd7i-67c90f830de14baff3c5d809356f6175\">\n#top .av-special-heading.av-lhqcvd7i-67c90f830de14baff3c5d809356f6175{\nmargin:0 0 10px 0;\npadding-bottom:0;\nfont-size:30px;\n}\nbody .av-special-heading.av-lhqcvd7i-67c90f830de14baff3c5d809356f6175 .av-special-heading-tag .heading-char{\nfont-size:25px;\n}\n#top #wrap_all .av-special-heading.av-lhqcvd7i-67c90f830de14baff3c5d809356f6175 .av-special-heading-tag{\nfont-size:30px;\n}\n.av-special-heading.av-lhqcvd7i-67c90f830de14baff3c5d809356f6175 .av-subheading{\nfont-size:15px;\n}\n\n@media only screen and (min-width: 480px) and (max-width: 767px){ \n#top #wrap_all .av-special-heading.av-lhqcvd7i-67c90f830de14baff3c5d809356f6175 .av-special-heading-tag{\nfont-size:0.8em;\n}\n}\n\n@media only screen and (max-width: 479px){ \n#top #wrap_all .av-special-heading.av-lhqcvd7i-67c90f830de14baff3c5d809356f6175 .av-special-heading-tag{\nfont-size:0.8em;\n}\n}\n<\/style>\n<div  class='av-special-heading av-lhqcvd7i-67c90f830de14baff3c5d809356f6175 av-special-heading-h1 meta-heading blockquote modern-quote modern-centered  avia-builder-el-0  el_before_av_heading  avia-builder-el-first  av-inherit-size'><h1 class='av-special-heading-tag '  itemprop=\"headline\"  >Cont\u00e1ctenos<\/h1><div class=\"special-heading-border\"><div class=\"special-heading-inner-border\"><\/div><\/div><\/div>\n\n<style type=\"text\/css\" data-created_by=\"avia_inline_auto\" id=\"style-css-av-t91pl6-f6bf620b73c7084a3193b48f126ad24f\">\n#top .av-special-heading.av-t91pl6-f6bf620b73c7084a3193b48f126ad24f{\nmargin:20px 0 0 0;\npadding-bottom:5px;\n}\nbody .av-special-heading.av-t91pl6-f6bf620b73c7084a3193b48f126ad24f .av-special-heading-tag .heading-char{\nfont-size:25px;\n}\n.av-special-heading.av-t91pl6-f6bf620b73c7084a3193b48f126ad24f .av-subheading{\nfont-size:15px;\n}\n<\/style>\n<div  class='av-special-heading av-t91pl6-f6bf620b73c7084a3193b48f126ad24f av-special-heading-h5 meta-heading blockquote modern-quote modern-centered  avia-builder-el-1  el_after_av_heading  el_before_av_one_fifth '><h5 class='av-special-heading-tag '  itemprop=\"headline\"  >Contacte con nosotros antes de enviar sus muestras. Por favor, complete este formulario si tiene una consulta. <\/h5><div class=\"special-heading-border\"><div class=\"special-heading-inner-border\"><\/div><\/div><\/div>\n\n<style type=\"text\/css\" data-created_by=\"avia_inline_auto\" id=\"style-css-av-d4mru1-0e59b2342ffcde5a8f0626fec385a55a\">\n.flex_column.av-d4mru1-0e59b2342ffcde5a8f0626fec385a55a{\nborder-radius:0px 0px 0px 0px;\npadding:0px 0px 0px 0px;\n}\n<\/style>\n<div  class='flex_column av-d4mru1-0e59b2342ffcde5a8f0626fec385a55a av_one_fifth  avia-builder-el-2  el_after_av_heading  el_before_av_three_fifth  first flex_column_div av-zero-column-padding  '     ><\/div>\n\n<style type=\"text\/css\" data-created_by=\"avia_inline_auto\" id=\"style-css-av-b6s755-e63ac618f1345db947a562a3a62b40fc\">\n.flex_column.av-b6s755-e63ac618f1345db947a562a3a62b40fc{\nborder-radius:0px 0px 0px 0px;\npadding:0px 0px 0px 0px;\n}\n<\/style>\n<div  class='flex_column av-b6s755-e63ac618f1345db947a562a3a62b40fc av_three_fifth  avia-builder-el-3  el_after_av_one_fifth  el_before_av_one_fifth  flex_column_div av-zero-column-padding  '     ><form action=\"https:\/\/isobarscience.com\/es\/contacto\/\" method=\"post\" data-fields-with-error=\"Found errors in the following field(s):\" class=\"avia_ajax_form av-form-labels-visible   avia-builder-el-4  avia-builder-el-no-sibling   \" data-avia-form-id=\"1\" data-avia-redirect='' ><h3 class=''>Le responderemos lo antes posible en horario de 8:00 a 17:00 de lunes a viernes (EST). <\/h3><fieldset><p class='  first_form  form_element form_element_half' id='element_avia_1_1'><label for=\"avia_1_1\">Nombre <abbr class=\"required\" title=\"requerido\">*<\/abbr><\/label> <input name=\"avia_1_1\" class=\"text_input is_empty\" type=\"text\" id=\"avia_1_1\" value=\"\" \/><\/p><p class='  form_element form_element_half' id='element_avia_2_1'><label for=\"avia_2_1\">E-Mail <abbr class=\"required\" title=\"requerido\">*<\/abbr><\/label> <input name=\"avia_2_1\" class=\"text_input is_email\" type=\"text\" id=\"avia_2_1\" value=\"\" \/><\/p><p class='  first_form  form_element form_element_half' id='element_avia_3_1'><label for=\"avia_3_1\">Instituci\u00f3n o empresa  <abbr class=\"required\" title=\"requerido\">*<\/abbr><\/label> <input name=\"avia_3_1\" class=\"text_input is_empty\" type=\"text\" id=\"avia_3_1\" value=\"\" \/><\/p><p class='  form_element form_element_half' id='element_avia_4_1'><label for=\"avia_4_1\">Tel\u00e9fono<\/label> <input name=\"avia_4_1\" class=\"text_input \" type=\"text\" id=\"avia_4_1\" value=\"\" \/><\/p><p class='  first_form  form_element form_fullwidth' id='element_avia_5_1'><label for=\"avia_5_1\">Pa\u00eds \/ Regi\u00f3n <abbr class=\"required\" title=\"requerido\">*<\/abbr><\/label><select  name=\"avia_5_1\" class=\"select is_empty\" id=\"avia_5_1\"><option   value='Spain'>Spain<\/option><option   value='United States'>United States<\/option><option   value='United Kingdom'>United Kingdom<\/option><option   value='Canada'>Canada<\/option><option   value='Aruba'>Aruba<\/option><option   value='Afghanistan'>Afghanistan<\/option><option   value='Angola'>Angola<\/option><option   value='Albania'>Albania<\/option><option   value='Andorra'>Andorra<\/option><option   value='United Arab Emirates'>United Arab Emirates<\/option><option   value='Argentina'>Argentina<\/option><option   value='Armenia'>Armenia<\/option><option   value='American Samoa'>American Samoa<\/option><option   value='Antigua and Barbuda'>Antigua and Barbuda<\/option><option   value='Australia'>Australia<\/option><option   value='Austria'>Austria<\/option><option   value='Azerbaijan'>Azerbaijan<\/option><option   value='Burundi'>Burundi<\/option><option   value='Belgium'>Belgium<\/option><option   value='Benin'>Benin<\/option><option   value='Burkina Faso'>Burkina Faso<\/option><option   value='Bangladesh'>Bangladesh<\/option><option   value='Bulgaria'>Bulgaria<\/option><option   value='Bahrain'>Bahrain<\/option><option   value='Bahamas'>Bahamas<\/option><option   value='Bosnia and Herzegovina'>Bosnia and Herzegovina<\/option><option   value='Belarus'>Belarus<\/option><option   value='Belize'>Belize<\/option><option   value='Bermuda'>Bermuda<\/option><option   value='Bolivia'>Bolivia<\/option><option   value='Brazil'>Brazil<\/option><option   value='Barbados'>Barbados<\/option><option   value='Brunei Darussalam'>Brunei Darussalam<\/option><option   value='Bhutan'>Bhutan<\/option><option   value='Botswana'>Botswana<\/option><option   value='Central African Republic'>Central African Republic<\/option><option   value='Switzerland'>Switzerland<\/option><option   value='Chile'>Chile<\/option><option   value='China'>China<\/option><option   value='C\u00f4te d\u2019Ivoire'>C\u00f4te d\u2019Ivoire<\/option><option   value='Cameroon'>Cameroon<\/option><option   value='Congo'>Congo<\/option><option   value='the Democratic Republic of the'>the Democratic Republic of the<\/option><option   value='Congo'>Congo<\/option><option   value='Cook Islands'>Cook Islands<\/option><option   value='Colombia'>Colombia<\/option><option   value='Comoros'>Comoros<\/option><option   value='Cape Verde'>Cape Verde<\/option><option   value='Costa Rica'>Costa Rica<\/option><option   value='Cuba'>Cuba<\/option><option   value='Cayman Islands'>Cayman Islands<\/option><option   value='Cyprus'>Cyprus<\/option><option   value='Czech Republic'>Czech Republic<\/option><option   value='Germany'>Germany<\/option><option   value='Djibouti'>Djibouti<\/option><option   value='Dominica'>Dominica<\/option><option   value='Denmark'>Denmark<\/option><option   value='Dominican Republic'>Dominican Republic<\/option><option   value='Algeria'>Algeria<\/option><option   value='Ecuador'>Ecuador<\/option><option   value='Egypt'>Egypt<\/option><option   value='Eritrea'>Eritrea<\/option><option   value='Estonia'>Estonia<\/option><option   value='Ethiopia'>Ethiopia<\/option><option   value='Finland'>Finland<\/option><option   value='Fiji'>Fiji<\/option><option   value='France'>France<\/option><option   value='Micronesia'>Micronesia<\/option><option   value='Federated States of'>Federated States of<\/option><option   value='Gabon'>Gabon<\/option><option   value='Georgia'>Georgia<\/option><option   value='Ghana'>Ghana<\/option><option   value='Guinea'>Guinea<\/option><option   value='Gambia'>Gambia<\/option><option   value='Guinea-Bissau'>Guinea-Bissau<\/option><option   value='Equatorial Guinea'>Equatorial Guinea<\/option><option   value='Greece'>Greece<\/option><option   value='Grenada'>Grenada<\/option><option   value='Guatemala'>Guatemala<\/option><option   value='Guam'>Guam<\/option><option   value='Guyana'>Guyana<\/option><option   value='Hong Kong'>Hong Kong<\/option><option   value='Honduras'>Honduras<\/option><option   value='Croatia'>Croatia<\/option><option   value='Haiti'>Haiti<\/option><option   value='Hungary'>Hungary<\/option><option   value='Indonesia'>Indonesia<\/option><option   value='India'>India<\/option><option   value='Ireland'>Ireland<\/option><option   value='Iran'>Iran<\/option><option   value='Islamic Republic of'>Islamic Republic of<\/option><option   value='Iraq'>Iraq<\/option><option   value='Iceland'>Iceland<\/option><option   value='Israel'>Israel<\/option><option   value='Italy'>Italy<\/option><option   value='Jamaica'>Jamaica<\/option><option   value='Jordan'>Jordan<\/option><option   value='Japan'>Japan<\/option><option   value='Kazakhstan'>Kazakhstan<\/option><option   value='Kenya'>Kenya<\/option><option   value='Kyrgyzstan'>Kyrgyzstan<\/option><option   value='Cambodia'>Cambodia<\/option><option   value='Kiribati'>Kiribati<\/option><option   value='Saint Kitts and Nevis'>Saint Kitts and Nevis<\/option><option   value='Korea'>Korea<\/option><option   value='Republic of'>Republic of<\/option><option   value='Kuwait'>Kuwait<\/option><option   value='Lao People\u2019s Democratic Republic'>Lao People\u2019s Democratic Republic<\/option><option   value='Lebanon'>Lebanon<\/option><option   value='Liberia'>Liberia<\/option><option   value='Libya'>Libya<\/option><option   value='Saint Lucia'>Saint Lucia<\/option><option   value='Liechtenstein'>Liechtenstein<\/option><option   value='Sri Lanka'>Sri Lanka<\/option><option   value='Lesotho'>Lesotho<\/option><option   value='Lithuania'>Lithuania<\/option><option   value='Luxembourg'>Luxembourg<\/option><option   value='Latvia'>Latvia<\/option><option   value='Morocco'>Morocco<\/option><option   value='Monaco'>Monaco<\/option><option   value='Moldova'>Moldova<\/option><option   value='Republic of'>Republic of<\/option><option   value='Madagascar'>Madagascar<\/option><option   value='Maldives'>Maldives<\/option><option   value='Mexico'>Mexico<\/option><option   value='Marshall Islands'>Marshall Islands<\/option><option   value='Macedonia the former Yugoslav'>Macedonia the former Yugoslav<\/option><option   value='Mali'>Mali<\/option><option   value='Malta'>Malta<\/option><option   value='Myanmar'>Myanmar<\/option><option   value='Montenegro'>Montenegro<\/option><option   value='Mongolia'>Mongolia<\/option><option   value='Mozambique'>Mozambique<\/option><option   value='Mauritania'>Mauritania<\/option><option   value='Mauritius'>Mauritius<\/option><option   value='Malawi'>Malawi<\/option><option   value='Malaysia'>Malaysia<\/option><option   value='Namibia'>Namibia<\/option><option   value='Niger'>Niger<\/option><option   value='Nigeria'>Nigeria<\/option><option   value='Nicaragua'>Nicaragua<\/option><option   value='Netherlands'>Netherlands<\/option><option   value='Norway'>Norway<\/option><option   value='Nepal'>Nepal<\/option><option   value='Nauru'>Nauru<\/option><option   value='New Zealand'>New Zealand<\/option><option   value='Oman'>Oman<\/option><option   value='Pakistan'>Pakistan<\/option><option   value='Panama'>Panama<\/option><option   value='Peru'>Peru<\/option><option   value='Philippines'>Philippines<\/option><option   value='Palau'>Palau<\/option><option   value='Papua New Guinea'>Papua New Guinea<\/option><option   value='Poland'>Poland<\/option><option   value='Puerto Rico'>Puerto Rico<\/option><option   value='Korea'>Korea<\/option><option   value='Democratic People\u2019s Republic of'>Democratic People\u2019s Republic of<\/option><option   value='Portugal'>Portugal<\/option><option   value='Paraguay'>Paraguay<\/option><option   value='Palestine'>Palestine<\/option><option   value='State of'>State of<\/option><option   value='Qatar'>Qatar<\/option><option   value='Romania'>Romania<\/option><option   value='Russian Federation'>Russian Federation<\/option><option   value='Rwanda'>Rwanda<\/option><option   value='Saudi Arabia'>Saudi Arabia<\/option><option   value='Sudan'>Sudan<\/option><option   value='Senegal'>Senegal<\/option><option   value='Singapore'>Singapore<\/option><option   value='Solomon Islands'>Solomon Islands<\/option><option   value='Sierra Leone'>Sierra Leone<\/option><option   value='El Salvador'>El Salvador<\/option><option   value='San Marino'>San Marino<\/option><option   value='Somalia'>Somalia<\/option><option   value='Serbia'>Serbia<\/option><option   value='Sao Tome and Principe'>Sao Tome and Principe<\/option><option   value='Suriname'>Suriname<\/option><option   value='Slovakia'>Slovakia<\/option><option   value='Slovenia'>Slovenia<\/option><option   value='Sweden'>Sweden<\/option><option   value='Swaziland'>Swaziland<\/option><option   value='Seychelles'>Seychelles<\/option><option   value='Syrian Arab Republic'>Syrian Arab Republic<\/option><option   value='Chad'>Chad<\/option><option   value='Togo'>Togo<\/option><option   value='Thailand'>Thailand<\/option><option   value='Tajikistan'>Tajikistan<\/option><option   value='Turkmenistan'>Turkmenistan<\/option><option   value='Timor-Leste'>Timor-Leste<\/option><option   value='Tonga'>Tonga<\/option><option   value='Trinidad and Tobago'>Trinidad and Tobago<\/option><option   value='Tunisia'>Tunisia<\/option><option   value='Turkey'>Turkey<\/option><option   value='Tuvalu'>Tuvalu<\/option><option   value='Taiwan'>Taiwan<\/option><option   value='Tanzania'>Tanzania<\/option><option   value='United Republic of'>United Republic of<\/option><option   value='Uganda'>Uganda<\/option><option   value='Ukraine'>Ukraine<\/option><option   value='Uruguay'>Uruguay<\/option><option   value='Uzbekistan'>Uzbekistan<\/option><option   value='Saint Vincent and the Grenadines'>Saint Vincent and the Grenadines<\/option><option   value='Venezuela'>Venezuela<\/option><option   value='Bolivarian Republic of'>Bolivarian Republic of<\/option><option   value='Virgin Islands'>Virgin Islands<\/option><option   value='U.S.'>U.S.<\/option><option   value='Viet Nam'>Viet Nam<\/option><option   value='Vanuatu'>Vanuatu<\/option><option   value='Samoa'>Samoa<\/option><option   value='Yemen'>Yemen<\/option><option   value='South Africa'>South Africa<\/option><option   value='Zambia'>Zambia<\/option><option   value='Zimbabwe'>Zimbabwe<\/option><\/select><\/p><p class='  first_form  form_element form_fullwidth' id='element_avia_6_1'><label for=\"avia_6_1\">Servicio \/ An\u00e1lisis <abbr class=\"required\" title=\"requerido\">*<\/abbr><\/label> <input name=\"avia_6_1\" class=\"text_input is_empty\" type=\"text\" id=\"avia_6_1\" value=\"\" \/><\/p><p class='  first_form  form_element form_fullwidth' id='element_avia_7_1'><label for=\"avia_7_1\">Descripci\u00f3n del material (por ejemplo coral, hueso, sedimento, etc.)<\/label> <input name=\"avia_7_1\" class=\"text_input \" type=\"text\" id=\"avia_7_1\" value=\"\" \/><\/p><p class='  first_form  form_element form_fullwidth' id='element_avia_8_1'><label for=\"avia_8_1\" class=\"textare_label hidden textare_label_avia_8_1\">Mensaje <abbr class=\"required\" title=\"requerido\">*<\/abbr><\/label><textarea  name=\"avia_8_1\" class=\"text_area is_empty\" cols=\"40\" rows=\"7\" id=\"avia_8_1\" ><\/textarea><\/p><p class='  first_form  form_element form_fullwidth' id='element_avia_9_1'><label for=\"avia_9_1\">\u00bfC\u00f3mo conoci\u00f3 a Isobar Science?<\/label><select  name=\"avia_9_1\" class=\"select \" id=\"avia_9_1\"><option   value='Web \/ motor de b\u00fasqueda'>Web \/ motor de b\u00fasqueda<\/option><option   value='Folletos impresos'>Folletos impresos<\/option><option   value='Webinario'>Webinario<\/option><option   value='Congreso o conferencia'>Congreso o conferencia<\/option><option   value='Recib\u00ed una llamada de Isobar Science o Beta Analytic'>Recib\u00ed una llamada de Isobar Science o Beta Analytic<\/option><option   value='Recib\u00ed un email \/ newsletter'>Recib\u00ed un email \/ newsletter<\/option><option   value='Art\u00edculo de revista'>Art\u00edculo de revista<\/option><option   value='Recomendaci\u00f3n de un compa\u00f1ero'>Recomendaci\u00f3n de un compa\u00f1ero<\/option><option   value='Otro'>Otro<\/option><\/select><\/p><p class='  first_form  form_element form_fullwidth' id='element_avia_10_1'><input  name=\"avia_10_1\" class=\"input_checkbox \" type=\"checkbox\" id=\"avia_10_1\" value=\"true\"\/><label class=\"input_checkbox_label\" for=\"avia_10_1\">Tengo muestras para enviar<\/label><\/p><p class='  first_form  form_element form_fullwidth' id='element_avia_11_1'><input  name=\"avia_11_1\" class=\"input_checkbox \" type=\"checkbox\" id=\"avia_11_1\" value=\"true\"\/><label class=\"input_checkbox_label\" for=\"avia_11_1\">Acepto recibir noticias espor\u00e1dicas con la opci\u00f3n de anular mi suscripci\u00f3n en cualquier momento<\/label><\/p><p class=\"hidden\"><input type=\"text\" name=\"avia_12_1\" class=\"hidden \" id=\"avia_12_1\" value=\"\" \/><\/p><p class='   form_element form_fullwidth' id='element_avia_13_1'><span class='value_verifier_label'>1 + 6 = ?<\/span><input name=\"avia_13_1_verifier\" type=\"hidden\" id=\"avia_13_1_verifier\" value=\"564667525\"\/><label for=\"avia_13_1\">Para mayor seguridad, responde la siguiente pregunta <abbr class=\"required\" title=\"requerido\">*<\/abbr><\/label><input name=\"avia_13_1\" class=\"text_input captcha\" type=\"text\" id=\"avia_13_1\" value=\"\"\/><\/p><p class=\"form_element \"><input type=\"hidden\" value=\"1\" name=\"avia_generated_form1\" \/><input type=\"submit\" value=\"Enviar mensaje\" class=\"button\"  data-sending-label=\"Enviando\"\/><\/p><\/fieldset><\/form><div id=\"ajaxresponse_1\" class=\"ajaxresponse ajaxresponse_1 hidden\"><\/div><\/div>\n<style type=\"text\/css\" data-created_by=\"avia_inline_auto\" id=\"style-css-av-b8h5l-f9968f45851ad78e575f09d6db117f4e\">\n.flex_column.av-b8h5l-f9968f45851ad78e575f09d6db117f4e{\nborder-radius:0px 0px 0px 0px;\npadding:0px 0px 0px 0px;\n}\n<\/style>\n<div  class='flex_column av-b8h5l-f9968f45851ad78e575f09d6db117f4e av_one_fifth  avia-builder-el-5  el_after_av_three_fifth  avia-builder-el-last  flex_column_div av-zero-column-padding  '     ><\/div><\/p>\n","protected":false},"excerpt":{"rendered":"","protected":false},"author":2,"featured_media":0,"parent":0,"menu_order":0,"comment_status":"closed","ping_status":"closed","template":"","meta":{"footnotes":""},"class_list":["post-15466","page","type-page","status-publish","hentry"],"_links":{"self":[{"href":"https:\/\/isobarscience.com\/es\/wp-json\/wp\/v2\/pages\/15466","targetHints":{"allow":["GET"]}}],"collection":[{"href":"https:\/\/isobarscience.com\/es\/wp-json\/wp\/v2\/pages"}],"about":[{"href":"https:\/\/isobarscience.com\/es\/wp-json\/wp\/v2\/types\/page"}],"author":[{"embeddable":true,"href":"https:\/\/isobarscience.com\/es\/wp-json\/wp\/v2\/users\/2"}],"replies":[{"embeddable":true,"href":"https:\/\/isobarscience.com\/es\/wp-json\/wp\/v2\/comments?post=15466"}],"version-history":[{"count":16,"href":"https:\/\/isobarscience.com\/es\/wp-json\/wp\/v2\/pages\/15466\/revisions"}],"predecessor-version":[{"id":35474,"href":"https:\/\/isobarscience.com\/es\/wp-json\/wp\/v2\/pages\/15466\/revisions\/35474"}],"wp:attachment":[{"href":"https:\/\/isobarscience.com\/es\/wp-json\/wp\/v2\/media?parent=15466"}],"curies":[{"name":"wp","href":"https:\/\/api.w.org\/{rel}","templated":true}]}}