


{"id":10371,"date":"2020-06-22T18:01:27","date_gmt":"2020-06-22T18:01:27","guid":{"rendered":"https:\/\/isobarscience.com\/send-samples\/"},"modified":"2024-03-20T01:22:55","modified_gmt":"2024-03-20T01:22:55","slug":"send-samples","status":"publish","type":"page","link":"https:\/\/isobarscience.com\/es\/send-samples\/","title":{"rendered":"Send Samples"},"content":{"rendered":"<section  class='av_textblock_section av-kbr0kcn5-3a252cc62af481b4112bddc0a49b3a6c '   itemscope=\"itemscope\" itemtype=\"https:\/\/schema.org\/CreativeWork\" ><div class='avia_textblock'  itemprop=\"text\" ><h1 style=\"text-align: center;\"><strong>Instrucciones de env\u00edo de muestras a Isobar Science<\/strong><\/h1>\n<p><a title=\"Contacte con nosotros\" href=\"https:\/\/isobarscience.com\/es\/contacto\/\">Contacte con nosotros<\/a> para recibir un presupuesto. Responderemos su solicitud lo antes posible en horario laboral (de 8:00 a 17:00 US EST, de lunes a viernes)<\/p>\n<p>Nuestros precios est\u00e1n disponibles en EUR, GBP, KRW, RMB y USD. Aceptamos el pago mediante tarjeta de cr\u00e9dito, ACH o transferencia bancaria.<br \/>\n<iframe loading=\"lazy\" class=\"aligncenter embed-responsive-item\" src=\"https:\/\/www.youtube.com\/embed\/iD_25Ro3RqA\" width=\"803\" height=\"452\" frameborder=\"0\" allowfullscreen=\"allowfullscreen\"><\/iframe><\/p>\n<p align=\"center\">Duraci\u00f3n: 1 minuto, 23 segundos.<\/p>\n<p align=\"center\">Aviso: este v\u00eddeo se encuentra en una plataforma ajena a nuestra web y puede contener publicidad.<\/p>\n<h2><strong>C\u00f3mo enviar muestras<\/strong><\/h2>\n<h3 style=\"color: black; font-weight: bold;\"><span class=\"numb\">1<\/span> Preparar las muestras<\/h3>\n<p class=\"step\">Por favor, siga nuestras recomendaciones de tama\u00f1o, manipulaci\u00f3n y empaquetado de la muestra antes de preparar las muestras para los siguientes an\u00e1lisis isot\u00f3picos:<\/p>\n<table>\n<tbody>\n<tr>\n<td align=\"center\"><a title=\"Boron\" href=\"https:\/\/isobarscience.com\/boron\/sample-types\/\">Boro<\/a><\/td>\n<td align=\"center\"><a title=\"Lead\" href=\"https:\/\/isobarscience.com\/lead-isotopes\/sample-types\/\">Plomo<\/a><\/td>\n<td align=\"center\"><a title=\"Strontium\" href=\"https:\/\/isobarscience.com\/strontium\/sample-types\/\">Estroncio<\/a><\/td>\n<td align=\"center\"><a title=\"U-Th Dating\" href=\"https:\/\/isobarscience.com\/u-th\/sample-types\/\">Dataci\u00f3n por U-Th<\/a><\/td>\n<\/tr>\n<\/tbody>\n<\/table>\n<p>Aviso: los tama\u00f1os de muestra recomendados son orientativos, no un requisito indispensable. Contacte con nosotros si su muestra es m\u00e1s peque\u00f1a.<\/p>\n<p><img loading=\"lazy\" decoding=\"async\" class=\"aligncenter size-large wp-image-4170\" src=\"https:\/\/isobarscience.com\/wp-content\/uploads\/2021\/02\/how-pack-sample-1030x533.png\" alt=\"\" width=\"1030\" height=\"533\" srcset=\"https:\/\/isobarscience.com\/wp-content\/uploads\/2021\/02\/how-pack-sample-1030x533.png 1030w, https:\/\/isobarscience.com\/wp-content\/uploads\/2021\/02\/how-pack-sample-300x155.png 300w, https:\/\/isobarscience.com\/wp-content\/uploads\/2021\/02\/how-pack-sample-768x397.png 768w, https:\/\/isobarscience.com\/wp-content\/uploads\/2021\/02\/how-pack-sample-1536x794.png 1536w, https:\/\/isobarscience.com\/wp-content\/uploads\/2021\/02\/how-pack-sample-2048x1059.png 2048w, https:\/\/isobarscience.com\/wp-content\/uploads\/2021\/02\/how-pack-sample-1500x776.png 1500w, https:\/\/isobarscience.com\/wp-content\/uploads\/2021\/02\/how-pack-sample-705x365.png 705w\" sizes=\"auto, (max-width: 1030px) 100vw, 1030px\" \/><\/p>\n<h3 style=\"color: black; font-weight: bold;\"><span class=\"numb\">2<\/span> Env\u00ede el formulario en l\u00ednea<\/h3>\n<p class=\"step\">Reg\u00edstrese en el <a href=\"https:\/\/isobarscience.com\/wp-login.php?redirect_to=https%3A%2F%2Fisobarscience.com%2Fcustomer-area%2F\">\u00e1rea de cliente<\/a> para rellenar el formulario online de env\u00edo de muestras.<\/p>\n<h3 style=\"color: black; font-weight: bold;\"><span class=\"numb\">3<\/span> Prepare sus muestras y env\u00edelas a la direcci\u00f3n recomendada<\/h3>\n<p><a href=\"https:\/\/isobarscience.com\/es\/contacto\/\"><strong>Contacte con nosotros<\/strong><\/a><span style=\"color: #000000;\"><strong> antes de enviar sus muestras para que podamos proporcionarle las instrucciones de env\u00edo recomendadas para su regi\u00f3n<\/strong>.<\/span><\/p>\n<p>Para <span style=\"color: #000000;\"><strong>muestras s\u00f3lidas<\/strong><\/span> utilice una caja peque\u00f1a en lugar de un sobre para evitar que las muestras sufran cualquier da\u00f1o durante el env\u00edo.<\/p>\n<p>Env\u00ede sus <span style=\"color: #000000;\"><strong>muestras de agua<\/strong><\/span> en una caja. Introduzca las botellas dentro de una bolsa de pl\u00e1stico de cierre zip o ci\u00e9rrela con cinta americana. Aviso: el tama\u00f1o m\u00e1ximo de cada muestra es de 125 ml.<\/p>\n<p style=\"color: red;\">Por favor, utilice un servicio de mensajer\u00eda y env\u00ede el n\u00famero de seguimiento a <a href=\"mailto:info@isobarscience.com\">info@isobarscience.com<\/a>.<\/p>\n<p><strong>Recordatorio:<\/strong> empezamos a contabilizar el tiempo de entrega de resultados al d\u00eda siguiente de recibir las muestras en el laboratorio (Miami) excluyendo los fines de semana.<\/p>\n<h4 style=\"color: black; font-weight: bold;\">Nuestra pol\u00edtica con muestras sobrantes<\/h4>\n<p>Isobar descartar\u00e1 la muestra sobrante transcurridos dos meses tras el an\u00e1lisis. Si necesita que le devolvamos cualquier muestra no analizada o el material sobrante tras el pretratamiento, puede proporcionarnos una etiqueta ya abonada de env\u00edo con la empresa de mensajer\u00eda que utilice o abonar por adelantado el coste estimado del env\u00edo v\u00eda FedEx.<\/p>\n<\/div><\/section>\n","protected":false},"excerpt":{"rendered":"","protected":false},"author":2,"featured_media":0,"parent":0,"menu_order":0,"comment_status":"closed","ping_status":"closed","template":"","meta":{"footnotes":""},"class_list":["post-10371","page","type-page","status-publish","hentry"],"_links":{"self":[{"href":"https:\/\/isobarscience.com\/es\/wp-json\/wp\/v2\/pages\/10371","targetHints":{"allow":["GET"]}}],"collection":[{"href":"https:\/\/isobarscience.com\/es\/wp-json\/wp\/v2\/pages"}],"about":[{"href":"https:\/\/isobarscience.com\/es\/wp-json\/wp\/v2\/types\/page"}],"author":[{"embeddable":true,"href":"https:\/\/isobarscience.com\/es\/wp-json\/wp\/v2\/users\/2"}],"replies":[{"embeddable":true,"href":"https:\/\/isobarscience.com\/es\/wp-json\/wp\/v2\/comments?post=10371"}],"version-history":[{"count":2,"href":"https:\/\/isobarscience.com\/es\/wp-json\/wp\/v2\/pages\/10371\/revisions"}],"predecessor-version":[{"id":31321,"href":"https:\/\/isobarscience.com\/es\/wp-json\/wp\/v2\/pages\/10371\/revisions\/31321"}],"wp:attachment":[{"href":"https:\/\/isobarscience.com\/es\/wp-json\/wp\/v2\/media?parent=10371"}],"curies":[{"name":"wp","href":"https:\/\/api.w.org\/{rel}","templated":true}]}}