


{"id":10365,"date":"2020-01-22T14:27:29","date_gmt":"2020-01-22T14:27:29","guid":{"rendered":"https:\/\/isobarscience.com\/application\/"},"modified":"2023-09-20T18:22:24","modified_gmt":"2023-09-20T18:22:24","slug":"application","status":"publish","type":"page","link":"https:\/\/isobarscience.com\/es\/boron\/application\/","title":{"rendered":"Application"},"content":{"rendered":"\n<style type=\"text\/css\" data-created_by=\"avia_inline_auto\" id=\"style-css-av-661043-84dadccb94d9e6b39550cb03226de51e\">\n.flex_column.av-661043-84dadccb94d9e6b39550cb03226de51e{\nborder-radius:0px 0px 0px 0px;\npadding:0px 0px 0px 0px;\n}\n<\/style>\n<div  class='flex_column av-661043-84dadccb94d9e6b39550cb03226de51e av_one_full  avia-builder-el-0  el_before_av_textblock  avia-builder-el-first  first flex_column_div av-zero-column-padding  '     ><section  class='av_textblock_section av-ktbo4uqq-06159c8cd951f73ef0f10e49b02c0117 '   itemscope=\"itemscope\" itemtype=\"https:\/\/schema.org\/CreativeWork\" ><div class='avia_textblock'  itemprop=\"text\" ><h1><b>Informaci\u00f3n general sobre la geoqu\u00edmica del boro (B)<\/b><\/h1>\n<\/div><\/section><\/div>\n<section  class='av_textblock_section av-ktbo60uq-043de5af18c815bbd3b8f5c59c8d747d '   itemscope=\"itemscope\" itemtype=\"https:\/\/schema.org\/CreativeWork\" ><div class='avia_textblock'  itemprop=\"text\" ><p><span style=\"font-weight: 400;\">El boro presenta dos formas de is\u00f3topos estables (<sup>10<\/sup>B<\/span><span style=\"font-weight: 400;\">, <sup>11<\/sup>B<\/span><span style=\"font-weight: 400;\">) y 13 formas de is\u00f3topos radiactivos (desde <sup>7<\/sup>B<\/span><span style=\"font-weight: 400;\">\u00a0hasta <sup>21<\/sup>B<\/span><span style=\"font-weight: 400;\">, sin incluir las formas estables del is\u00f3topo). Las formas estables del boro son las \u00fanicas que se generan de forma natural en el planeta: el <sup>10<\/sup>B<\/span><span style=\"font-weight: 400;\"> constituye el 20% y el <sup>11<\/sup>B<\/span><span style=\"font-weight: 400;\">\u00a0el 80%.\u00a0<\/span><\/p>\n<\/div><\/section>\n<section  class='av_textblock_section av-ktbo60uq-043de5af18c815bbd3b8f5c59c8d747d '   itemscope=\"itemscope\" itemtype=\"https:\/\/schema.org\/CreativeWork\" ><div class='avia_textblock'  itemprop=\"text\" ><div id=\"attachment_7874\" style=\"width: 938px\" class=\"wp-caption aligncenter\"><img loading=\"lazy\" decoding=\"async\" aria-describedby=\"caption-attachment-7874\" class=\"wp-image-7874 size-full\" src=\"https:\/\/isobarscience.com\/wp-content\/uploads\/2021\/09\/Converted-Isotope-Graphics-1-e1631116315949.png\" alt=\"boron isotopes\" width=\"928\" height=\"408\" srcset=\"https:\/\/isobarscience.com\/wp-content\/uploads\/2021\/09\/Converted-Isotope-Graphics-1-e1631116315949.png 928w, https:\/\/isobarscience.com\/wp-content\/uploads\/2021\/09\/Converted-Isotope-Graphics-1-e1631116315949-300x132.png 300w, https:\/\/isobarscience.com\/wp-content\/uploads\/2021\/09\/Converted-Isotope-Graphics-1-e1631116315949-768x338.png 768w, https:\/\/isobarscience.com\/wp-content\/uploads\/2021\/09\/Converted-Isotope-Graphics-1-e1631116315949-705x310.png 705w\" sizes=\"auto, (max-width: 928px) 100vw, 928px\" \/><p id=\"caption-attachment-7874\" class=\"wp-caption-text\"><span style=\"color: #000000;\"><em>Las dos formas de boro que se utilizan en estudios geoqu\u00edmicos (izquierda) y las 13 formas radiactivas de is\u00f3topos de boro (derecha).<\/em><\/span><\/p><\/div>\n<\/div><\/section>\n\n<style type=\"text\/css\" data-created_by=\"avia_inline_auto\" id=\"style-css-av-71xmf7-c4358b340db1d0110dc9e13e724a4877\">\n.flex_column.av-71xmf7-c4358b340db1d0110dc9e13e724a4877{\nborder-radius:0px 0px 0px 0px;\npadding:0px 0px 0px 0px;\n}\n<\/style>\n<div  class='flex_column av-71xmf7-c4358b340db1d0110dc9e13e724a4877 av_one_full  avia-builder-el-4  el_after_av_textblock  el_before_av_one_half  first flex_column_div av-zero-column-padding  column-top-margin'     ><p><section  class='av_textblock_section av-k5pg800j-53f42811d03bf7a809e99df6d69d77fc '   itemscope=\"itemscope\" itemtype=\"https:\/\/schema.org\/CreativeWork\" ><div class='avia_textblock'  itemprop=\"text\" ><p>Los materiales de los diferentes sistemas de la tierra y las condiciones ambientales se caracterizan por tener rangos discretos para el <strong>ratio isot\u00f3pico de boro<\/strong>. Por lo tanto, este par\u00e1metro es frecuentemente utilizado para detectar huellas geoqu\u00edmicas, detecci\u00f3n de origen, predicci\u00f3n de contaminaci\u00f3n y en estudios sobre el ciclo global del carbono y circulaci\u00f3n oce\u00e1nica.<\/p>\n<div style=\"border: 2px solid gray; padding: 10px;\"><b>Tipos de muestras disponibles para an\u00e1lisis de boro<\/b><span style=\"font-weight: 400;\">: conchas, corales, carbonatos y agua<\/span><br \/>\n<span style=\"font-weight: 400;\">M\u00e1s informaci\u00f3n sobre <\/span><a href=\"https:\/\/isobarscience.com\/boron\/sample-types\/\"><span style=\"font-weight: 400;\">tipos de muestras y su selecci\u00f3n<\/span><\/a><span style=\"font-weight: 400;\">\u00a0para an\u00e1lisis de boro<\/span><\/div>\n<p><iframe loading=\"lazy\" class=\"aligncenter embed-responsive-item\" src=\"https:\/\/www.youtube.com\/embed\/CqbBjgZtTpE\" width=\"803\" height=\"452\" frameborder=\"0\" allowfullscreen=\"allowfullscreen\"><\/iframe><\/p>\n<p align=\"center\">Atenci\u00f3n: este v\u00eddeo se encuentra en una plataforma ajena a nuestra web y puede contener publicidad.<br \/>\nEste v\u00eddeo forma parte del webinario de Beta Analytic: <a title=\"An\u00e1lisis isot\u00f3pico de boro\" href=\"https:\/\/isobarscience.com\/boron-isotopes-webinar\/\" target=\"_blank\" rel=\"noopener\">An\u00e1lisis isot\u00f3pico de boro<\/a><\/p>\n<\/div><\/section><br \/>\n<div  class='hr av-1v70j7-a17a3b8032f9d62d15ab77ee302fe842 hr-default  avia-builder-el-6  el_after_av_textblock  el_before_av_textblock '><span class='hr-inner '><span class=\"hr-inner-style\"><\/span><\/span><\/div><br \/>\n<section  class='av_textblock_section av-k5pg800j-53f42811d03bf7a809e99df6d69d77fc '   itemscope=\"itemscope\" itemtype=\"https:\/\/schema.org\/CreativeWork\" ><div class='avia_textblock'  itemprop=\"text\" ><h3><strong>Paleoclimatolog\u00eda y paleoceanograf\u00eda<\/strong><\/h3>\n<p>El boro aparece disuelto en agua marina principalmente en forma de dos especies mononucleares: \u00e1cido b\u00f3rico (H<sub>3<\/sub>BO<sub>3<\/sub>\u00a0o B(OH)<sub>3<\/sub>) y borato (BO<sub>3<\/sub><sup>-3<\/sup>\u00a0or B(OH)<sub>4<\/sub><sup>\u2212<\/sup>), con un fraccionamiento isot\u00f3pico diferente entre ambas especies ya que el \u00e1cido b\u00f3rico est\u00e1 enriquecido en el is\u00f3topo m\u00e1s pesado (<sup>11<\/sup>B) en un 27.2%. La proporci\u00f3n relativa de ambas especies depende del pH, como se muestra m\u00e1s abajo:<\/p>\n<div class=\"wp-block-group\">\n<div class=\"wp-block-group__inner-container\">\n<p class=\"has-text-align-center\"><em>B(OH)<sub>3<\/sub>\u00a0+ H<sub>2<\/sub>O\u00a0<\/em><em>\u2194 B(OH)<sub>4<\/sub><sup>\u2212<\/sup>\u00a0+ H<sup>+<\/sup><\/em><\/p>\n<p class=\"has-text-align-center\">pH alto <em>\u2194 <\/em>pH bajo<\/p>\n<\/div>\n<\/div>\n<p>El boro se incorpora en los carbonatos biog\u00e9nicos e inorg\u00e1nicos principalmente como borato. Sin embargo, la especie particular y la concentraci\u00f3n de boro incorporada en carbonatos biog\u00e9nicos (como conchas) depende del pH. Por ello, la composici\u00f3n isot\u00f3pica del boro de los carbonatos biog\u00e9nicos marinos refleja el pH del agua.<\/p>\n<div style=\"text-align: center; margin: 0 auto; display: table;\"><a class=\"zoom\" href=\"https:\/\/isobarscience.com\/wp-content\/uploads\/2021\/09\/\u03b4B-and-pH-in-N-Atlantic.jpg\"><img loading=\"lazy\" decoding=\"async\" class=\"zoom wp-image-1569\" src=\"http:\/\/isobarscience.com\/wp-content\/uploads\/2020\/01\/image-3.png\" sizes=\"auto, (max-width: 421px) 100vw, 421px\" alt=\"Boron and pH in sediments\" width=\"421\" height=\"352\" srcset=\"https:\/\/isobarscience.com\/wp-content\/uploads\/2020\/01\/image-3.png 421w, https:\/\/isobarscience.com\/wp-content\/uploads\/2020\/01\/image-3-300x251.png 300w\" \/><\/a> <em><span class=\"caption\" style=\"color: #000000; font-size: 11px; text-align: center;\">Correlaci\u00f3n entre \u03b4<sup>11<\/sup>B y el pH de carbonatos marinos en testigos de sedimentos del Atl\u00e1ntico norte durante los \u00faltimos 150 ky (Chalk et al., 2019).<\/span><\/em><\/div>\n<\/div><\/section><br \/>\n<section  class='av_textblock_section av-k5pg800j-53f42811d03bf7a809e99df6d69d77fc '   itemscope=\"itemscope\" itemtype=\"https:\/\/schema.org\/CreativeWork\" ><div class='avia_textblock'  itemprop=\"text\" ><div class=\"wp-block-image\"><span style=\"color: #000000;\">Cuando el pH del oc\u00e9ano es bajo, el boro se integra en las conchas generalmente en forma de B(OH)<sub>3<\/sub>, mientras que cuando el pH es alto se integra en forma de B(OH)<sup>4\u2212<\/sup>. En general, un incremento del pH en el agua marina de 0.1 unidades produce un incremento del ~1\u2030 del \u03b4<sup>11<\/sup>B en los carbonatos biog\u00e9nicos marinos. Debido a que los valores del pH oce\u00e1nico descienden a medida que asimilan m\u00e1s di\u00f3xido de carbono (CO<sub>2<\/sub>) el \u03b4<sup>11<\/sup>B es un proxy que puede utilizarse para delimitar aproximaciones sobre la concentraci\u00f3n del CO<sub>2<\/sub> atmosf\u00e9rico (<em>p<\/em>CO<sub>2<\/sub>) y el presupuesto oce\u00e1nico de carbonato. Esta informaci\u00f3n es \u00fatil para comprender mejor las condiciones y variaciones clim\u00e1ticas en el ciclo global de carbono a lo largo del tiempo. Dicha relaci\u00f3n entre el boro y el pH oce\u00e1nico se puede analizar a una escala de circulaci\u00f3n oce\u00e1nica y ha sido utilizada como evidencia de fuga de carbono oce\u00e1nica durante la \u00faltima desglaciaci\u00f3n (Mart\u00ednez-Bot\u00ed et al. 2015).<br \/>\n<\/span><\/div>\n<div class=\"wp-block-image\"><\/div>\n<\/div><\/section><br \/>\n<section  class='av_textblock_section av-k5pg800j-53f42811d03bf7a809e99df6d69d77fc '   itemscope=\"itemscope\" itemtype=\"https:\/\/schema.org\/CreativeWork\" ><div class='avia_textblock'  itemprop=\"text\" ><div id=\"attachment_7876\" style=\"width: 810px\" class=\"wp-caption aligncenter\"><img loading=\"lazy\" decoding=\"async\" aria-describedby=\"caption-attachment-7876\" class=\"wp-image-7876 size-full\" src=\"https:\/\/isobarscience.com\/wp-content\/uploads\/2021\/09\/boric-acid.jpg\" alt=\"chemical composition of boron\" width=\"800\" height=\"416\" srcset=\"https:\/\/isobarscience.com\/wp-content\/uploads\/2021\/09\/boric-acid.jpg 800w, https:\/\/isobarscience.com\/wp-content\/uploads\/2021\/09\/boric-acid-300x156.jpg 300w, https:\/\/isobarscience.com\/wp-content\/uploads\/2021\/09\/boric-acid-768x399.jpg 768w, https:\/\/isobarscience.com\/wp-content\/uploads\/2021\/09\/boric-acid-705x367.jpg 705w\" sizes=\"auto, (max-width: 800px) 100vw, 800px\" \/><p id=\"caption-attachment-7876\" class=\"wp-caption-text\"><span style=\"color: #000000;\"><em>La relaci\u00f3n entre el pH y el porcentaje de dos diferentes tipos de boro (https:\/\/jpt.spe.org\/comparison-methods-boron-removal-flowback-and-produced-waters)<\/em><\/span><\/p><\/div>\n<\/div><\/section><br \/>\n<section  class='av_textblock_section av-k5pg800j-53f42811d03bf7a809e99df6d69d77fc '   itemscope=\"itemscope\" itemtype=\"https:\/\/schema.org\/CreativeWork\" ><div class='avia_textblock'  itemprop=\"text\" ><div class=\"wp-block-image\">\n<p>M\u00e1s informaci\u00f3n en nuestro blog:<\/p>\n<p><a href=\"https:\/\/isobarscience.com\/studying-past-climates-boron-isotopes\/\"><span style=\"font-weight: 400;\">Estudio del clima pasado utilizando is\u00f3topos estables<\/span><\/a><\/p>\n<p><a href=\"https:\/\/isobarscience.com\/shells-corals-carbonates-analysis\/\"><span style=\"font-weight: 400;\">Conchas, corales y otros carbonatos<\/span><\/a><\/div>\n<\/div><\/section><br \/>\n<div  class='hr av-1v70j7-a17a3b8032f9d62d15ab77ee302fe842 hr-default  avia-builder-el-11  el_after_av_textblock  el_before_av_textblock '><span class='hr-inner '><span class=\"hr-inner-style\"><\/span><\/span><\/div><br \/>\n<section  class='av_textblock_section av-k5pg800j-53f42811d03bf7a809e99df6d69d77fc '   itemscope=\"itemscope\" itemtype=\"https:\/\/schema.org\/CreativeWork\" ><div class='avia_textblock'  itemprop=\"text\" ><h3><strong>Huellas geoqu\u00edmicas y detecci\u00f3n de fuentes contaminantes<\/strong><\/h3>\n<p>El boro es ampliamente utilizado en la industria (lubricantes, fundentes, aditivos), agricultura (como micro nutriente en fertilizantes) y productos del hogar (como agente blanqueador). El boro es un aditivo importante en la fabricaci\u00f3n de acero, ya que aumenta la templabilidad del material. Por ejemplo, los aceros al boro se usan principalmente en la industria nuclear para proteger los sistemas y controlar las reacciones nucleares dada su capacidad natural de absorber neutrones. En otros sectores, un compuesto del boro conocido como borato de sodio (\u00abBorax\u00bb) se usa comunmente en detergentes para remover manchas y moho, tambi\u00e9n en cosm\u00e9ticos como un conservativo y agente amortiguador.<\/p>\n<\/div><\/section><\/p><\/div>\n<div class='flex_column_table av-3ti3cz-2e9e1e0f737cb99d9fb6299be58a43c5 sc-av_one_half av-equal-height-column-flextable'>\n<style type=\"text\/css\" data-created_by=\"avia_inline_auto\" id=\"style-css-av-3ti3cz-2e9e1e0f737cb99d9fb6299be58a43c5\">\n.flex_column.av-3ti3cz-2e9e1e0f737cb99d9fb6299be58a43c5{\nborder-radius:0px 0px 0px 0px;\npadding:0px 0px 0px 0px;\n}\n<\/style>\n<div  class='flex_column av-3ti3cz-2e9e1e0f737cb99d9fb6299be58a43c5 av_one_half  avia-builder-el-13  el_after_av_one_full  el_before_av_one_half  first flex_column_table_cell av-equal-height-column av-align-top av-zero-column-padding  column-top-margin'     ><section  class='av_textblock_section av-k8sq87pm-3dcb6c3c41aadd1c41a814d67a79da48 '   itemscope=\"itemscope\" itemtype=\"https:\/\/schema.org\/CreativeWork\" ><div class='avia_textblock'  itemprop=\"text\" ><div id=\"attachment_2020\" style=\"width: 1010px\" class=\"wp-caption aligncenter\"><img loading=\"lazy\" decoding=\"async\" aria-describedby=\"caption-attachment-2020\" class=\"img-responsive wp-image-2020 size-full\" src=\"https:\/\/isobarscience.com\/wp-content\/uploads\/2020\/05\/Boron-Release-new.jpg\" sizes=\"auto, (max-width: 378px) 100vw, 378px\" alt=\"Boron Release New\" width=\"1000\" height=\"776\" srcset=\"https:\/\/isobarscience.com\/wp-content\/uploads\/2020\/05\/Boron-Release-new.jpg 1000w, https:\/\/isobarscience.com\/wp-content\/uploads\/2020\/05\/Boron-Release-new-300x233.jpg 300w, https:\/\/isobarscience.com\/wp-content\/uploads\/2020\/05\/Boron-Release-new-768x596.jpg 768w, https:\/\/isobarscience.com\/wp-content\/uploads\/2020\/05\/Boron-Release-new-705x547.jpg 705w\" \/><p id=\"caption-attachment-2020\" class=\"wp-caption-text\"><span style=\"color: #000000;\"><em>Toneladas estimadas de boro que ingresan al medio ambiente desde 1972 (Fuente: EPA-68-01-3201,1976).<\/em><\/span><\/p><\/div>\n<h3><\/h3>\n<\/div><\/section><\/div>\n<div class='av-flex-placeholder'><\/div>\n<style type=\"text\/css\" data-created_by=\"avia_inline_auto\" id=\"style-css-av-212k9v-892a96cd46837d8442ba004de2d66dce\">\n.flex_column.av-212k9v-892a96cd46837d8442ba004de2d66dce{\nborder-radius:0px 0px 0px 0px;\npadding:0px 0px 0px 0px;\n}\n<\/style>\n<div  class='flex_column av-212k9v-892a96cd46837d8442ba004de2d66dce av_one_half  avia-builder-el-15  el_after_av_one_half  el_before_av_textblock  flex_column_table_cell av-equal-height-column av-align-top av-zero-column-padding  column-top-margin'     ><section  class='av_textblock_section av-k8sq87pm-3dcb6c3c41aadd1c41a814d67a79da48 '   itemscope=\"itemscope\" itemtype=\"https:\/\/schema.org\/CreativeWork\" ><div class='avia_textblock'  itemprop=\"text\" ><div id=\"attachment_7887\" style=\"width: 715px\" class=\"wp-caption aligncenter\"><img loading=\"lazy\" decoding=\"async\" aria-describedby=\"caption-attachment-7887\" class=\"img-responsive wp-image-7887 size-full\" src=\"https:\/\/isobarscience.com\/wp-content\/uploads\/2021\/09\/b11b-vs-d15N.jpg\" sizes=\"auto, (max-width: 378px) 100vw, 378px\" alt=\"\" width=\"705\" height=\"547\" srcset=\"https:\/\/isobarscience.com\/wp-content\/uploads\/2021\/09\/b11b-vs-d15N.jpg 705w, https:\/\/isobarscience.com\/wp-content\/uploads\/2021\/09\/b11b-vs-d15N-300x233.jpg 300w\" \/><p id=\"caption-attachment-7887\" class=\"wp-caption-text\"><span style=\"color: #000000;\"><em>Firma de origen de las proporciones isot\u00f3picas de boro y nitr\u00f3geno en agua (Briand et al., 2013).<\/em><\/span><\/p><\/div>\n<\/div><\/section><\/div><\/div><!--close column table wrapper. Autoclose: 1 -->\n<section  class='av_textblock_section av-k5pg800j-53f42811d03bf7a809e99df6d69d77fc '   itemscope=\"itemscope\" itemtype=\"https:\/\/schema.org\/CreativeWork\" ><div class='avia_textblock'  itemprop=\"text\" ><p>El boro se libera regularmente al medio ambiente debido a su uso ampliamente extendido en diferentes productos industriales. Los datos proporcionados por la Agencia de Protecci\u00f3n Ambiental de los Estados Unidos (EPA 1976) confirman que s\u00f3lo en 1972 se liberaron un total de 35,5 kilotoneladas de boro en el medio ambiente, de los cuales el 73% fue directamente introducido en el agua. La liberaci\u00f3n de boro es particularmente problem\u00e1tica, ya que \u00e9ste no se destruye en el medio ambiente, sino que puede cambiar su forma al separarse y adherirse a otras part\u00edculas en suelos, sedimentos y agua. Eventualmente puede aparecer en los alimentos (vegetales y frutas) dado que es un nutriente esencial para el crecimiento de las plantas.<\/p>\n<\/div><\/section>\n<div  class='hr av-24k5vn-7b3242ac298a5a4249976eee24297aea hr-default  avia-builder-el-18  el_after_av_textblock  el_before_av_textblock '><span class='hr-inner '><span class=\"hr-inner-style\"><\/span><\/span><\/div>\n<section  class='av_textblock_section av-k6sb01tx-984d53fd9ed58c50c64ccacbf40f1506 '   itemscope=\"itemscope\" itemtype=\"https:\/\/schema.org\/CreativeWork\" ><div class='avia_textblock'  itemprop=\"text\" ><h4>Referencias<\/h4>\n<p><span style=\"font-weight: 400;\">Briand, C., Plagnes, V., Sebilo, M., Louvat, P., Chesnot, T., Schneider, M., Ribstein, P. and Marchet, P., (2013). Combination of nitrate (N, O) and boron isotopic ratios with microbiological indicators for the determination of nitrate sources in karstic groundwater. Environmental Chemistry, 10(5), pp.365-369. DOI: 10.1071\/EN13036<\/span><\/p>\n<p><span style=\"font-weight: 400;\">Chalk, T.B., Foster, G.L. and Wilson, P.A., (2019). Dynamic storage of glacial CO2 in the Atlantic Ocean revealed by boron [CO<\/span><span style=\"font-weight: 400;\">3<\/span><span style=\"font-weight: 400;\">2\u2212<\/span><span style=\"font-weight: 400;\">] and pH records. Earth and Planetary Science Letters, 510, pp.1-11. DOI: 10.1016\/j.epsl.2018.12.022<\/span><\/p>\n<p><span style=\"font-weight: 400;\">EPA (Environmental Protection Agency), (1976). Chemical technology and economics in environmental perspectives. Task II- Removal of Boron from wastewater. Environmental Protection Agency, Office of Toxic Substances, Washington, D.C. 20460<\/span><\/p>\n<p><span style=\"font-weight: 400;\">Giri, S.J., Swart, P.K. and Pourmand, A., (2019). The influence of seawater calcium ions on coral calcification mechanisms: Constraints from boron and carbon isotopes and B\/Ca ratios in Pocillopora damicornis. Earth and Planetary Science Letters, 519, pp.130-140. DOI: 10.1016\/j.epsl.2019.05.008<\/span><\/p>\n<p><span style=\"font-weight: 400;\">Mart\u00ednez-Bot\u00ed, M.A., et al. (2015). Boron isotope evidence for oceanic carbon dioxide leakage during the last deglaciation. Nature, 518(7538), pp.219-222. DOI: 10.1038\/nature14155<\/span><\/p>\n<\/div><\/section>\n\n<style type=\"text\/css\" data-created_by=\"avia_inline_auto\" id=\"style-css-av-d3zxv-1ba22df4de10596b32ee39277315adfa\">\n.flex_column.av-d3zxv-1ba22df4de10596b32ee39277315adfa{\nborder-radius:0px 0px 0px 0px;\npadding:0px 0px 0px 0px;\n}\n<\/style>\n<div  class='flex_column av-d3zxv-1ba22df4de10596b32ee39277315adfa av_one_half  avia-builder-el-20  el_after_av_textblock  avia-builder-el-last  first flex_column_div av-zero-column-padding  column-top-margin'     ><style type=\"text\/css\" data-created_by=\"avia_inline_auto\" id=\"style-css-av-k8q8fder-3f760e6fd37f478eb0d523d004b0cb77\">\n#top .av_textblock_section.av-k8q8fder-3f760e6fd37f478eb0d523d004b0cb77 .avia_textblock{\nfont-size:15px;\n}\n<\/style>\n<section  class='av_textblock_section av-k8q8fder-3f760e6fd37f478eb0d523d004b0cb77 '   itemscope=\"itemscope\" itemtype=\"https:\/\/schema.org\/CreativeWork\" ><div class='avia_textblock'  itemprop=\"text\" ><div style=\"background: #f6f6f6; padding: 20px 18px;\">\n<h4 style=\"color: black;\"><strong>Temas relacionados<\/strong><\/h4>\n<p style=\"line-height: 1.2;\"><a style=\"font-size: 15px;\" href=\"https:\/\/isobarscience.com\/boron\/method\/\">Methodology: Boron Isotope Analysis<\/a><\/p>\n<p style=\"line-height: 1.2;\"><a style=\"font-size: 15px;\" href=\"https:\/\/isobarscience.com\/boron\/sample-types\/\">Sample Requirements for Boron Isotope Analysis<\/a><\/p>\n<p style=\"line-height: 1.2;\"><a style=\"font-size: 15px;\" href=\"https:\/\/isobarscience.com\/boron-isotopes-on-water\/\">Boron Isotopes on Water<\/a><\/p>\n<\/div>\n<\/div><\/section><\/div>\n","protected":false},"excerpt":{"rendered":"","protected":false},"author":2,"featured_media":0,"parent":10367,"menu_order":0,"comment_status":"closed","ping_status":"closed","template":"","meta":{"footnotes":""},"class_list":["post-10365","page","type-page","status-publish","hentry"],"_links":{"self":[{"href":"https:\/\/isobarscience.com\/es\/wp-json\/wp\/v2\/pages\/10365","targetHints":{"allow":["GET"]}}],"collection":[{"href":"https:\/\/isobarscience.com\/es\/wp-json\/wp\/v2\/pages"}],"about":[{"href":"https:\/\/isobarscience.com\/es\/wp-json\/wp\/v2\/types\/page"}],"author":[{"embeddable":true,"href":"https:\/\/isobarscience.com\/es\/wp-json\/wp\/v2\/users\/2"}],"replies":[{"embeddable":true,"href":"https:\/\/isobarscience.com\/es\/wp-json\/wp\/v2\/comments?post=10365"}],"version-history":[{"count":2,"href":"https:\/\/isobarscience.com\/es\/wp-json\/wp\/v2\/pages\/10365\/revisions"}],"predecessor-version":[{"id":28251,"href":"https:\/\/isobarscience.com\/es\/wp-json\/wp\/v2\/pages\/10365\/revisions\/28251"}],"up":[{"embeddable":true,"href":"https:\/\/isobarscience.com\/es\/wp-json\/wp\/v2\/pages\/10367"}],"wp:attachment":[{"href":"https:\/\/isobarscience.com\/es\/wp-json\/wp\/v2\/media?parent=10365"}],"curies":[{"name":"wp","href":"https:\/\/api.w.org\/{rel}","templated":true}]}}