


{"id":23110,"date":"2020-02-19T14:36:39","date_gmt":"2020-02-19T14:36:39","guid":{"rendered":"https:\/\/isobarscience.com\/lead-isotopes\/application\/"},"modified":"2023-04-14T16:46:40","modified_gmt":"2023-04-14T16:46:40","slug":"anwendung","status":"publish","type":"page","link":"https:\/\/isobarscience.com\/de\/lead-isotopes\/anwendung\/","title":{"rendered":"Application"},"content":{"rendered":"\n<style type=\"text\/css\" data-created_by=\"avia_inline_auto\" id=\"style-css-av-769vj7-598ec4cb394887adae753d829b32f331\">\n.flex_column.av-769vj7-598ec4cb394887adae753d829b32f331{\nborder-radius:0px 0px 0px 0px;\npadding:0px 0px 0px 0px;\n}\n<\/style>\n<div  class='flex_column av-769vj7-598ec4cb394887adae753d829b32f331 av_one_full  avia-builder-el-0  el_before_av_hr  avia-builder-el-first  first flex_column_div av-zero-column-padding  '     ><section  class='av_textblock_section av-ktd3d7mq-1c9c4061bffde9e8d4158cfa6d234652 '   itemscope=\"itemscope\" itemtype=\"https:\/\/schema.org\/CreativeWork\" ><div class='avia_textblock'  itemprop=\"text\" ><h1 style=\"text-align: center;\">Blei (Pb) \u00dcberblick \u00fcber die Geochemie<\/h1>\n<p><span style=\"font-weight: 400;\">Aktuell sind insgesamt 43 Blei(Pb)-Isotope bekannt, einschlie\u00dflich sehr instabiler synthetischer Spezies, aber diese f\u00fcnf werden h\u00e4ufig in der geochemischen Forschung verwendet (Abbildung 1). Blei hat vier relativ stabile Isotope: <sup>204<\/sup>Pb<\/span><span style=\"font-weight: 400;\">, <sup>206<\/sup>Pb<\/span><span style=\"font-weight: 400;\">, <sup>207<\/sup>Pb<\/span><span style=\"font-weight: 400;\">\u00a0und <sup>208<\/sup>Pb<\/span><span style=\"font-weight: 400;\">; die letzten drei repr\u00e4sentieren Enden von Zerfallsketten. <sup>206<\/sup>Pb<\/span><span style=\"font-weight: 400;\">\u00a0steht am Ende der Uran-Zerfallskette, <sup>207<\/sup>Pb<\/span><span style=\"font-weight: 400;\">\u00a0am Ende der Aktinium-Zerfallskette und <sup>208<\/sup>Pb<\/span><span style=\"font-weight: 400;\">\u00a0steht am Ende der Thorium-Zerfallskette. <sup>210<\/sup>Pb<\/span><span style=\"font-weight: 400;\"> ist ein kurzlebiges nat\u00fcrlich vorkommendes Isotop mit einer Halbwertszeit von 22,6 Jahren; Seine praktische Halbwertszeit wird h\u00e4ufig zur Datierung der Eiszeit, neuerer Sedimente und Torfablagerungen verwendet.<\/span><\/p>\n<div id=\"attachment_8095\" style=\"width: 512px\" class=\"wp-caption aligncenter\"><img loading=\"lazy\" decoding=\"async\" aria-describedby=\"caption-attachment-8095\" class=\"wp-image-8095 \" src=\"https:\/\/isobarscience.com\/wp-content\/uploads\/2021\/09\/Pb-graphic.jpg\" alt=\"Pb isotopes\" width=\"502\" height=\"221\" srcset=\"https:\/\/isobarscience.com\/wp-content\/uploads\/2021\/09\/Pb-graphic.jpg 1183w, https:\/\/isobarscience.com\/wp-content\/uploads\/2021\/09\/Pb-graphic-300x132.jpg 300w, https:\/\/isobarscience.com\/wp-content\/uploads\/2021\/09\/Pb-graphic-1030x454.jpg 1030w, https:\/\/isobarscience.com\/wp-content\/uploads\/2021\/09\/Pb-graphic-768x339.jpg 768w, https:\/\/isobarscience.com\/wp-content\/uploads\/2021\/09\/Pb-graphic-705x311.jpg 705w\" sizes=\"auto, (max-width: 502px) 100vw, 502px\" \/><p id=\"caption-attachment-8095\" class=\"wp-caption-text\"><span style=\"color: #000000;\"><em>Die f\u00fcnf Arten von Blei-Isotopen, die \u00fcblicherweise in geochemischen Studien verwendet werden.<\/em><\/span><\/p><\/div>\n<p><span style=\"font-weight: 400;\">Blei-Isotopenverh\u00e4ltnisse innerhalb der Uran-Zerfallskette sind eine Funktion der Menge an vorhandenem Uran und Thorium. Geologische Prozesse beeinflussen die Menge an vorhandenem U und Th, daher dienen <\/span><b>Bleiisotope als n\u00fctzliches Werkzeug zum Verst\u00e4ndnis der Natur und des zeitlichen Ablaufs dieser Prozesse<\/b><span style=\"font-weight: 400;\">. Da die Blei-Isotopen-Zusammensetzung von geologischem Material eine Funktion von drei unabh\u00e4ngigen Zerfallsketten ist, besteht ein gro\u00dfes Potenzial f\u00fcr die Isotopenvariabilit\u00e4t in Mineralien.<\/span><\/p>\n<div style=\"border: 2px solid gray; padding: 10px;\"><b>F\u00fcr die Bleianalyse verf\u00fcgbare Probenarten<\/b><span style=\"font-weight: 400;\">: Knochen, Eruptivgestein, Meeressedimente, Seesedimente, Metallartefakte\/M\u00fcnzen, Mineralstaub, Erde, Zahnschmelz und Wasser. \u00a0<\/span><br \/>\n<span style=\"font-weight: 400;\">Weitere Informationen zu <\/span><a href=\"https:\/\/isobarscience.com\/lead-isotopes\/sample-types\/\"><span style=\"font-weight: 400;\">Probenarten und -auswahl<\/span><\/a> <span style=\"font-weight: 400;\">f\u00fcr die Blei-Analyse.<\/span><\/div>\n<hr \/>\n<h3><span class=\"s1\">Feste Erdgeochemie \/ Petrologie<\/span><\/h3>\n<p><span style=\"font-weight: 400;\">Blei-Isotopen-Verh\u00e4ltnisse k\u00f6nnen bei der Altersdatierung und pettrogenetischen Verfolgung von magmatischen, metamorphen und hydrothermalen Gesteinen verwendet werden. Da das chemische Verhalten von Uran, Thorium und ihren Tochterelementen unterschiedlich ist, k\u00f6nnen viele geologische Prozesse zu einer weitgehenden Fraktionierung der verschiedenen Isotope f\u00fchren. Dies f\u00fchrt zu markanten Mustern, die eine Bestimmung der Gesteinsgeschichte erm\u00f6glichen. Beispielsweise kann die Isotopenzusammensetzung von Blei in vulkanischen und plutonischen Gesteinen verwendet werden, um die Quellen verschiedener Magmatypen zu verfolgen, die aus verschiedenen tektonischen Umgebungen stammen.<\/span><\/p>\n<div id=\"attachment_1816\" style=\"width: 372px\" class=\"wp-caption aligncenter\"><a href=\"https:\/\/isobarscience.com\/wp-content\/uploads\/2020\/03\/1-Petrology-Application-421x705.jpg\"><img loading=\"lazy\" decoding=\"async\" aria-describedby=\"caption-attachment-1816\" class=\"zoomimg wp-image-1816 \" src=\"https:\/\/isobarscience.com\/wp-content\/uploads\/2020\/03\/1-Petrology-Application-616x1030.jpg\" alt=\"Lead isotopes sediments\" width=\"362\" height=\"605\" srcset=\"https:\/\/isobarscience.com\/wp-content\/uploads\/2020\/03\/1-Petrology-Application-616x1030.jpg 616w, https:\/\/isobarscience.com\/wp-content\/uploads\/2020\/03\/1-Petrology-Application-179x300.jpg 179w, https:\/\/isobarscience.com\/wp-content\/uploads\/2020\/03\/1-Petrology-Application-768x1285.jpg 768w, https:\/\/isobarscience.com\/wp-content\/uploads\/2020\/03\/1-Petrology-Application-918x1536.jpg 918w, https:\/\/isobarscience.com\/wp-content\/uploads\/2020\/03\/1-Petrology-Application-1224x2048.jpg 1224w, https:\/\/isobarscience.com\/wp-content\/uploads\/2020\/03\/1-Petrology-Application-897x1500.jpg 897w, https:\/\/isobarscience.com\/wp-content\/uploads\/2020\/03\/1-Petrology-Application-421x705.jpg 421w, https:\/\/isobarscience.com\/wp-content\/uploads\/2020\/03\/1-Petrology-Application.jpg 1256w\" sizes=\"auto, (max-width: 362px) 100vw, 362px\" \/><\/a><p id=\"caption-attachment-1816\" class=\"wp-caption-text\"><span style=\"color: #000000;\"><em>Pb-Isotopenanalysen von Sedimenten im Pazifischen Ozean und Mariana-Aktivbogenlava, nach Woodhead und Fraser, 1985.<\/em><\/span><\/p><\/div>\n<h3 class=\"p1\">Geochemischer Fingerabdruck: Staub &amp; Arch\u00e4ologie<\/h3>\n<p><span style=\"font-weight: 400;\">Die charakteristischen Blei-Isotopen-Muster, die in verschiedenen Gesteinslithologien (und dar\u00fcber liegenden B\u00f6den) vorhanden sind, erm\u00f6glichen es, Blei-Isotope bestimmten Bereichen auf der Erdoberfl\u00e4che zuzuordnen. Da verschiedene Gesteine unterschiedliche Eltern-Tochter-Verh\u00e4ltnisse aufweisen, wurde diese Eigenschaft ausgiebig f\u00fcr Provenienzstudien von verwitterten und erodierten Materialien, insbesondere Staub, genutzt. Beispielsweise haben Staubquellen unterschiedliche Blei-Isotopen-Signaturen, sodass Staub, der weit gereist ist, bis zu seiner Ursprungsregion zur\u00fcckverfolgt werden kann.<\/span><\/p>\n<div id=\"attachment_1818\" style=\"width: 431px\" class=\"wp-caption aligncenter\"><a href=\"https:\/\/isobarscience.com\/wp-content\/uploads\/2020\/03\/2-Dust-Application-495x400.jpg\"><img loading=\"lazy\" decoding=\"async\" aria-describedby=\"caption-attachment-1818\" class=\"wp-image-1818 size-full\" src=\"https:\/\/isobarscience.com\/wp-content\/uploads\/2020\/03\/2-Dust-Application-1030x828.jpg\" alt=\"Lead isotopes dust \" width=\"421\" height=\"339\" srcset=\"https:\/\/isobarscience.com\/wp-content\/uploads\/2020\/03\/2-Dust-Application-1030x828.jpg 1030w, https:\/\/isobarscience.com\/wp-content\/uploads\/2020\/03\/2-Dust-Application-300x241.jpg 300w, https:\/\/isobarscience.com\/wp-content\/uploads\/2020\/03\/2-Dust-Application-768x617.jpg 768w, https:\/\/isobarscience.com\/wp-content\/uploads\/2020\/03\/2-Dust-Application-1536x1234.jpg 1536w, https:\/\/isobarscience.com\/wp-content\/uploads\/2020\/03\/2-Dust-Application-2048x1646.jpg 2048w, https:\/\/isobarscience.com\/wp-content\/uploads\/2020\/03\/2-Dust-Application-1500x1205.jpg 1500w, https:\/\/isobarscience.com\/wp-content\/uploads\/2020\/03\/2-Dust-Application-495x400.jpg 495w, https:\/\/isobarscience.com\/wp-content\/uploads\/2020\/03\/2-Dust-Application-705x567.jpg 705w\" sizes=\"auto, (max-width: 421px) 100vw, 421px\" \/><\/a><p id=\"caption-attachment-1818\" class=\"wp-caption-text\"><span style=\"color: #000000;\"><em>Pb-Isotopen-Zusammensetzung von auf Barbados gesammeltem Staub im Vergleich zu verschiedenen potenziellen Quellen in Afrika, modifiziert nach Bozlaker et al., 2018.<\/em><\/span><\/p><\/div>\n<p class=\"p1\">Dieser geochemische Fingerabdruck kann auch in arch\u00e4ologischen Studien verwendet werden. Schon sehr fr\u00fch in der Erforschung antiker Metalle war es ein wichtiges Ziel, den geologischen Ursprung des Metalls festzustellen, das zur Herstellung bestimmter Metallartefakte verwendet wurde, und auf diese Weise Fragen des Handels, der Handelsbeziehungen und der Bewegung von Objekten direkt anzusprechen. Da die Blei-Isotope ihre Form von ihrem geologischen Ursprung (oder ihrer Erzform) bis zum Artefakt nicht \u00e4ndern, sollten die Artefakte die Informationen \u00fcber den Standort enthalten, an dem das Blei abgebaut wurde.<\/p>\n<h3 class=\"p1\"><span class=\"s1\">R\u00fcckverfolgung von Kontaminationsquellen<\/span><\/h3>\n<p><span style=\"font-weight: 400;\">Blei ist ein nicht essentielles und toxisches Metall, dessen biogeochemischer Kreislauf erheblich durch menschliche Aktivit\u00e4ten beeinflusst wurde. Blei gelangt w\u00e4hrend der Produktion (einschlie\u00dflich Bergbau und Verh\u00fcttung), der Verwendung (Batterien, Pigmente, Keramik, Kunststoffe), des Recyclings, der Entsorgung von Pb-Verbindungen, der Verbrennung fossiler Brennstoffe (Kohle, fr\u00fchere Verwendung von verbleitem Benzin), der Verwendung von Minerald\u00fcnger und unter anderem durch Kl\u00e4rschlammausbringung in die Umwelt. Infolgedessen ist es m\u00f6glich, verschiedene Blei-Isotope zu analysieren, um die Auswirkungen des Menschen im Laufe der Zeit zu messen, indem einzigartige Blei-Isotopen-Bereiche untersucht werden, die mit bestimmten Arten menschlicher Aktivit\u00e4ten korrelieren. In den letzten Jahren gab es ein wachsendes Interesse an der Verwendung von Blei-Isotopen, um die Quelle und den Ursprung (geogen vs. anthropogen) von Kontaminationen zu verfolgen und die Persistenz dieser Elemente in der Umwelt zu bewerten. Beispielsweise k\u00f6nnen Blei-Isotope in Benzin verwendet werden, um die kontinentale Quelle des Benzins sowie \u00c4nderungen in der Benzinzusammensetzung im Laufe der Zeit zu analysieren. <\/span><\/p>\n<div id=\"attachment_1819\" style=\"width: 432px\" class=\"wp-caption aligncenter\"><a href=\"https:\/\/isobarscience.com\/wp-content\/uploads\/2020\/03\/3-Fuel-Contamination-Application-705x443.jpg\"><img loading=\"lazy\" decoding=\"async\" aria-describedby=\"caption-attachment-1819\" class=\"wp-image-1819\" src=\"https:\/\/isobarscience.com\/wp-content\/uploads\/2020\/03\/3-Fuel-Contamination-Application-1030x647.jpg\" alt=\"Lead isotopic signature gasoline\" width=\"422\" height=\"265\" srcset=\"https:\/\/isobarscience.com\/wp-content\/uploads\/2020\/03\/3-Fuel-Contamination-Application-1030x647.jpg 1030w, https:\/\/isobarscience.com\/wp-content\/uploads\/2020\/03\/3-Fuel-Contamination-Application-300x188.jpg 300w, https:\/\/isobarscience.com\/wp-content\/uploads\/2020\/03\/3-Fuel-Contamination-Application-768x482.jpg 768w, https:\/\/isobarscience.com\/wp-content\/uploads\/2020\/03\/3-Fuel-Contamination-Application-1536x965.jpg 1536w, https:\/\/isobarscience.com\/wp-content\/uploads\/2020\/03\/3-Fuel-Contamination-Application-2048x1286.jpg 2048w, https:\/\/isobarscience.com\/wp-content\/uploads\/2020\/03\/3-Fuel-Contamination-Application-1500x942.jpg 1500w, https:\/\/isobarscience.com\/wp-content\/uploads\/2020\/03\/3-Fuel-Contamination-Application-705x443.jpg 705w\" sizes=\"auto, (max-width: 422px) 100vw, 422px\" \/><\/a><p id=\"caption-attachment-1819\" class=\"wp-caption-text\"><span style=\"color: #000000;\"><em>Pb-Isotopensignatur von auf verschiedenen Kontinenten produziertem Benzin (Bild links, nach Larsen et al., 2012) und zeitliche Ver\u00e4nderungen der Pb-Isotopensignatur von US-Benzin (Bild rechts, nach Dunlap et al., 2008)<\/em><\/span><\/p><\/div>\n<h3 class=\"p1\"><span class=\"s1\">Forensische Studien<\/span><\/h3>\n<p><span style=\"font-weight: 400;\">In vielen F\u00e4llen von T\u00f6tungsdelikten fehlt es oft an physischen Beweisen, um den T\u00e4ter zu identifizieren. Die Blei-Isotopen-Analyse von kleinen Fragmenten des Geschossmaterials kann den \u00dcbelt\u00e4ter oft eindeutig identifizieren, wenn man davon ausgeht, dass die Geschosspatronen innerhalb einer einzigen Charge alle die gleiche Isotopen-Zusammensetzung aufweisen. Zum Beispiel haben verschiedene Marken von Kugeln oft unterschiedliche Blei-Isotopen-Signaturen. Auf diese Weise k\u00f6nnen Blei-Isotope verwendet werden, um eine am Tatort gefundene Kugel mit Kugeln von potenziellen Verd\u00e4chtigen abzugleichen. Dies funktioniert, wenn das gesamte Geschoss nicht f\u00fcr ballistische Tests verf\u00fcgbar ist.<\/span><\/p>\n<p class=\"p1\">Erfahren Sie mehr \u00fcber die <a href=\"https:\/\/isobarscience.com\/sr-pb-isotopes-in-forensics\/\">Isotopenanalyse in der forensischen Geographie<\/a>.<\/p>\n<div id=\"attachment_2201\" style=\"width: 679px\" class=\"wp-caption aligncenter\"><a href=\"https:\/\/isobarscience.com\/wp-content\/uploads\/2021\/10\/4-Forensic-Bullets-1.jpg\"><img loading=\"lazy\" decoding=\"async\" aria-describedby=\"caption-attachment-2201\" class=\"wp-image-2201\" src=\"https:\/\/isobarscience.com\/wp-content\/uploads\/2020\/07\/4-Forensic-Bullets-1-1030x522.jpg\" alt=\"Isobar lead isotope analysis\" width=\"669\" height=\"339\" srcset=\"https:\/\/isobarscience.com\/wp-content\/uploads\/2020\/07\/4-Forensic-Bullets-1-1030x522.jpg 1030w, https:\/\/isobarscience.com\/wp-content\/uploads\/2020\/07\/4-Forensic-Bullets-1-300x152.jpg 300w, https:\/\/isobarscience.com\/wp-content\/uploads\/2020\/07\/4-Forensic-Bullets-1-768x389.jpg 768w, https:\/\/isobarscience.com\/wp-content\/uploads\/2020\/07\/4-Forensic-Bullets-1-1536x778.jpg 1536w, https:\/\/isobarscience.com\/wp-content\/uploads\/2020\/07\/4-Forensic-Bullets-1-2048x1037.jpg 2048w, https:\/\/isobarscience.com\/wp-content\/uploads\/2020\/07\/4-Forensic-Bullets-1-1500x759.jpg 1500w, https:\/\/isobarscience.com\/wp-content\/uploads\/2020\/07\/4-Forensic-Bullets-1-705x357.jpg 705w\" sizes=\"auto, (max-width: 669px) 100vw, 669px\" \/><\/a><p id=\"caption-attachment-2201\" class=\"wp-caption-text\"><span style=\"color: #000000;\"><em>Pb-Isotopensignatur von Geschossen verschiedener Hersteller weltweit (nach Sj\u00e5stad et al., 2016).<\/em><\/span><\/p><\/div>\n<hr \/>\n<h4>Verweise<\/h4>\n<p><span style=\"font-weight: 400;\">Bozlaker, A., Prospero, J.M., Price, J. and Chellam, S., (2018). Linking Barbados mineral dust aerosols to North African sources using elemental composition and radiogenic Sr, Nd, and Pb isotope signatures. Journal of Geophysical Research: Atmospheres, 123(2), pp.1384-1400. DOI: 10.1002\/2017JD027505<\/span><\/p>\n<p><span style=\"font-weight: 400;\">Dunlap, C.E., Alpers, C.N., Bouse, R., Taylor, H.E., Unruh, D.M. and Flegal, A.R., (2008). The persistence of lead from past gasoline emissions and mining drainage in a large riparian system: Evidence from lead isotopes in the Sacramento River, California. Geochimica et Cosmochimica Acta, 72(24), pp.5935-5948. DOI: 10.1016\/j.gca.2008.10.006<\/span><\/p>\n<p><span style=\"font-weight: 400;\">Larsen, M.M., Blusztajn, J.S., Andersen, O. and Dahll\u00f6f, I., (2012). Lead isotopes in marine surface sediments reveal historical use of leaded fuel. Journal of Environmental Monitoring, 14(11), pp.2893-2901. DOI: 10.1039\/c2em30579h<\/span><\/p>\n<p><span style=\"font-weight: 400;\">Sj\u00e5stad, K.E., Lucy, D. and Andersen, T., (2016). Lead isotope ratios for bullets, forensic evaluation in a Bayesian paradigm. Talanta, 146, pp.62-70. DOI: 10.1016\/j.talanta.2015.07.070<\/span><\/p>\n<p><span style=\"font-weight: 400;\">Woodhead, J.D. and Fraser, D.G., (1985). Pb, Sr and 10Be isotopic studies of volcanic rocks from the Northern Mariana Islands. Implications for magma genesis and crustal recycling in the Western Pacific. Geochimica et Cosmochimica Acta, 49(9), pp.1925-1930. DOI: 10.1016\/0016-7037(85)90087-0<\/span><\/p>\n<\/div><\/section><\/div><div  class='hr av-30oacz-fd5fe3571aaa30b0b4afb8fc683cf74a hr-default  avia-builder-el-2  el_after_av_one_full  el_before_av_one_half '><span class='hr-inner '><span class=\"hr-inner-style\"><\/span><\/span><\/div><\/p>\n\n<style type=\"text\/css\" data-created_by=\"avia_inline_auto\" id=\"style-css-av-2ri7n7-030d7f4059791b076638573b736b5090\">\n.flex_column.av-2ri7n7-030d7f4059791b076638573b736b5090{\nborder-radius:0px 0px 0px 0px;\npadding:0px 0px 0px 0px;\n}\n<\/style>\n<div  class='flex_column av-2ri7n7-030d7f4059791b076638573b736b5090 av_one_half  avia-builder-el-3  el_after_av_hr  avia-builder-el-last  first flex_column_div av-zero-column-padding  '     ><section  class='av_textblock_section av-k902bhzn-8ad084be41bd597ef9e5685bf0e3e17a '   itemscope=\"itemscope\" itemtype=\"https:\/\/schema.org\/CreativeWork\" ><div class='avia_textblock'  itemprop=\"text\" ><div style=\"background: #f6f6f6; padding: 20px 18px;\">\n<h4 style=\"color: black;\"><strong>Verwandte Themen<\/strong><\/h4>\n<p style=\"line-height: 1.2;\"><a style=\"font-size: 15px;\" href=\"https:\/\/isobarscience.com\/lead-isotopes\/method\/\">Lead Isotopes Methodology<\/a><\/p>\n<p style=\"line-height: 1.2;\"><a style=\"font-size: 15px;\" href=\"https:\/\/isobarscience.com\/lead-isotopes\/sample-types\/\">Sample Requirements For Lead Isotopes<\/a><\/p>\n<p><a href=\"https:\/\/isobarscience.com\/lead-isotopes-on-water\/\">Lead Isotopes on Water<\/a><\/div>\n<\/div><\/section><\/div>\n","protected":false},"excerpt":{"rendered":"","protected":false},"author":2,"featured_media":0,"parent":23004,"menu_order":0,"comment_status":"closed","ping_status":"closed","template":"","meta":{"footnotes":""},"class_list":["post-23110","page","type-page","status-publish","hentry"],"_links":{"self":[{"href":"https:\/\/isobarscience.com\/de\/wp-json\/wp\/v2\/pages\/23110","targetHints":{"allow":["GET"]}}],"collection":[{"href":"https:\/\/isobarscience.com\/de\/wp-json\/wp\/v2\/pages"}],"about":[{"href":"https:\/\/isobarscience.com\/de\/wp-json\/wp\/v2\/types\/page"}],"author":[{"embeddable":true,"href":"https:\/\/isobarscience.com\/de\/wp-json\/wp\/v2\/users\/2"}],"replies":[{"embeddable":true,"href":"https:\/\/isobarscience.com\/de\/wp-json\/wp\/v2\/comments?post=23110"}],"version-history":[{"count":2,"href":"https:\/\/isobarscience.com\/de\/wp-json\/wp\/v2\/pages\/23110\/revisions"}],"predecessor-version":[{"id":26295,"href":"https:\/\/isobarscience.com\/de\/wp-json\/wp\/v2\/pages\/23110\/revisions\/26295"}],"up":[{"embeddable":true,"href":"https:\/\/isobarscience.com\/de\/wp-json\/wp\/v2\/pages\/23004"}],"wp:attachment":[{"href":"https:\/\/isobarscience.com\/de\/wp-json\/wp\/v2\/media?parent=23110"}],"curies":[{"name":"wp","href":"https:\/\/api.w.org\/{rel}","templated":true}]}}