


{"id":22754,"date":"2022-07-26T18:01:00","date_gmt":"2022-07-26T18:01:00","guid":{"rendered":"https:\/\/isobarscience.com\/send-samples\/"},"modified":"2024-03-20T01:23:14","modified_gmt":"2024-03-20T01:23:14","slug":"send-samples","status":"publish","type":"page","link":"https:\/\/isobarscience.com\/de\/send-samples\/","title":{"rendered":"Send Samples"},"content":{"rendered":"<section  class='av_textblock_section av-kbr0kcn5-3a252cc62af481b4112bddc0a49b3a6c '   itemscope=\"itemscope\" itemtype=\"https:\/\/schema.org\/CreativeWork\" ><div class='avia_textblock'  itemprop=\"text\" ><h1 style=\"text-align: center;\"><strong>Leitfaden zur Einreichung von Proben an Isobar Science<\/strong><\/h1>\n<p><a title=\"contact us\" href=\"https:\/\/isobarscience.com\/de\/kontakt\/\">Kontaktieren Sie uns<\/a>, um ein formelles Angebot zu erhalten. Wir beantworten Anfragen umgehend w\u00e4hrend der Gesch\u00e4ftszeiten (8:00\u201317:00 Uhr US EST, Montag\u2013Freitag).<\/p>\n<p>Preise sind verf\u00fcgbar in EUR, GBP, KRW, RMB und USD. Wir akzeptieren Zahlungen per Kreditkarte, ACH und \u00dcberweisung.<br \/>\n<iframe loading=\"lazy\" class=\"aligncenter embed-responsive-item\" src=\"https:\/\/www.youtube.com\/embed\/iD_25Ro3RqA\" width=\"803\" height=\"452\" frameborder=\"0\" allowfullscreen=\"allowfullscreen\"><\/iframe><\/p>\n<p align=\"center\">Dauer: 1 Minute, 23 Sekunden<\/p>\n<p align=\"center\">Haftungsausschluss: Dieses Video wird auf der Website eines Drittanbieters gehostet und kann Werbung enthalten.<\/p>\n<h2><strong>Wie man Proben sendet<\/strong><\/h2>\n<h3 style=\"color: black; font-weight: bold;\"><span class=\"numb\">1<\/span> Proben vorbereiten<\/h3>\n<p class=\"step\">Bitte lesen Sie unsere Empfehlungen zu Handhabung, Beh\u00e4lter und Probengr\u00f6\u00dfe, bevor Sie Proben f\u00fcr folgende Isotopenanalysen vorbereiten:<\/p>\n<table>\n<tbody>\n<tr>\n<td align=\"center\"><a title=\"Boron\" href=\"https:\/\/isobarscience.com\/boron\/sample-types\/\">Bor<\/a><\/td>\n<td align=\"center\"><a title=\"Lead\" href=\"https:\/\/isobarscience.com\/lead-isotopes\/sample-types\/\">Blei<\/a><\/td>\n<td align=\"center\"><a title=\"Strontium\" href=\"https:\/\/isobarscience.com\/strontium\/sample-types\/\">Strontium<\/a><\/td>\n<td align=\"center\"><a title=\"U-Th Dating\" href=\"https:\/\/isobarscience.com\/u-th\/sample-types\/\">U-Th-Datierung<\/a><\/td>\n<\/tr>\n<\/tbody>\n<\/table>\n<p>Hinweis: Unsere Empfehlungen zur Probenmenge sind keine Anforderungen, sondern allgemeine Richtlinien. Kontaktieren Sie uns f\u00fcr Mindestmengen.<\/p>\n<p><img loading=\"lazy\" decoding=\"async\" class=\"aligncenter size-large wp-image-4170\" src=\"https:\/\/isobarscience.com\/wp-content\/uploads\/2021\/02\/how-pack-sample-1030x533.png\" alt=\"\" width=\"1030\" height=\"533\" srcset=\"https:\/\/isobarscience.com\/wp-content\/uploads\/2021\/02\/how-pack-sample-1030x533.png 1030w, https:\/\/isobarscience.com\/wp-content\/uploads\/2021\/02\/how-pack-sample-300x155.png 300w, https:\/\/isobarscience.com\/wp-content\/uploads\/2021\/02\/how-pack-sample-768x397.png 768w, https:\/\/isobarscience.com\/wp-content\/uploads\/2021\/02\/how-pack-sample-1536x794.png 1536w, https:\/\/isobarscience.com\/wp-content\/uploads\/2021\/02\/how-pack-sample-2048x1059.png 2048w, https:\/\/isobarscience.com\/wp-content\/uploads\/2021\/02\/how-pack-sample-1500x776.png 1500w, https:\/\/isobarscience.com\/wp-content\/uploads\/2021\/02\/how-pack-sample-705x365.png 705w\" sizes=\"auto, (max-width: 1030px) 100vw, 1030px\" \/><\/p>\n<h3 style=\"color: black; font-weight: bold;\"><span class=\"numb\">2<\/span> Datenblatt einreichen<\/h3>\n<p class=\"step\">Bitte registrieren Sie sich in unserem <a href=\"https:\/\/isobarscience.com\/wp-login.php?redirect_to=https%3A%2F%2Fisobarscience.com%2Fcustomer-area%2F\">Kundenbereich<\/a>, um Ihr Proben-Formular online einzureichen.<\/p>\n<h3 style=\"color: black; font-weight: bold;\"><span class=\"numb\">3<\/span> Proben verpacken und an die empfohlene Adresse versenden<\/h3>\n<p><a href=\"https:\/\/isobarscience.com\/de\/kontakt\/\"><strong>Kontaktieren Sie uns<\/strong><\/a><span style=\"color: #000000;\"><strong> f\u00fcr Versandanweisungen f\u00fcr Ihre Region, bevor Sie Ihre Proben versenden<\/strong>.<\/span><\/p>\n<p>Verwenden Sie f\u00fcr <span style=\"color: #000000;\"><strong>feste Proben<\/strong><\/span> kleine Schachteln anstelle von Umschl\u00e4gen, um zu verhindern, dass die Proben w\u00e4hrend des Transports zerdr\u00fcckt werden.<\/p>\n<p>Senden Sie<span style=\"color: #000000;\"><strong> Wasserproben<\/strong> <\/span><\/p>\n<p style=\"color: red;\">Bitte verwenden Sie einen Paketdienst mit Sendungsverfolgung und senden Sie die Tracking-Nummer per E-Mail an: <a href=\"mailto:info@isobarscience.com\">info@isobarscience.com<\/a>.<\/p>\n<p><strong>Erinnerung:<\/strong> Unsere angegebene Bearbeitungszeit beginnt am Folgetag nach Erhalt im Labor in Miami, Wochenenden ausgenommen.<\/p>\n<h4 style=\"color: black; font-weight: bold;\">Isobars Richtlinie zur Aufbewahrung \u00fcbersch\u00fcssiger Proben<\/h4>\n<p>Isobar entsorgt \u00fcbersch\u00fcssiges Probenmaterial nach zwei Monaten. Wenn Sie m\u00f6chten, dass wir unbenutzte Original- oder vorbehandelte \u00fcbersch\u00fcssige Probenmaterialien zur\u00fccksenden, stellen Sie bitte ein bezahltes R\u00fccksendeetikett zur Verf\u00fcgung oder zahlen Sie im Voraus die gesch\u00e4tzten Versandkosten per FedEx.<\/p>\n<\/div><\/section>\n","protected":false},"excerpt":{"rendered":"","protected":false},"author":2,"featured_media":0,"parent":0,"menu_order":0,"comment_status":"closed","ping_status":"closed","template":"","meta":{"footnotes":""},"class_list":["post-22754","page","type-page","status-publish","hentry"],"_links":{"self":[{"href":"https:\/\/isobarscience.com\/de\/wp-json\/wp\/v2\/pages\/22754","targetHints":{"allow":["GET"]}}],"collection":[{"href":"https:\/\/isobarscience.com\/de\/wp-json\/wp\/v2\/pages"}],"about":[{"href":"https:\/\/isobarscience.com\/de\/wp-json\/wp\/v2\/types\/page"}],"author":[{"embeddable":true,"href":"https:\/\/isobarscience.com\/de\/wp-json\/wp\/v2\/users\/2"}],"replies":[{"embeddable":true,"href":"https:\/\/isobarscience.com\/de\/wp-json\/wp\/v2\/comments?post=22754"}],"version-history":[{"count":2,"href":"https:\/\/isobarscience.com\/de\/wp-json\/wp\/v2\/pages\/22754\/revisions"}],"predecessor-version":[{"id":31324,"href":"https:\/\/isobarscience.com\/de\/wp-json\/wp\/v2\/pages\/22754\/revisions\/31324"}],"wp:attachment":[{"href":"https:\/\/isobarscience.com\/de\/wp-json\/wp\/v2\/media?parent=22754"}],"curies":[{"name":"wp","href":"https:\/\/api.w.org\/{rel}","templated":true}]}}